{"id":568,"date":"2023-09-14T11:24:50","date_gmt":"2023-09-14T09:24:50","guid":{"rendered":"https:\/\/qsr24h-group.com\/social-responsibility\/"},"modified":"2023-09-14T11:24:50","modified_gmt":"2023-09-14T09:24:50","slug":"social-responsibility","status":"publish","type":"page","link":"https:\/\/qsr24h-group.com\/pl\/social-responsibility\/","title":{"rendered":"Zodpovednosti"},"content":{"rendered":"\n<h2 class=\"wp-block-heading\" id=\"politika-integrovaneho-systemu-manazerstva-kvality-bezpecnosti-a-ochrany-zdravia-pri-praci-a-ochrany-zivotneho-prostredia\"><strong>Politika integrovan\u00e9ho syst\u00e9mu mana\u017e\u00e9rstva kvality, bezpe\u010dnosti a&nbsp;ochrany zdravia pri pr\u00e1ci a&nbsp;ochrany \u017eivotn\u00e9ho prostredia<\/strong><\/h2>\n\n\n\n<div class=\"wp-block-group\"><div class=\"wp-block-group__inner-container is-layout-flow wp-block-group-is-layout-flow\">\n<p id=\"vedenie-qsr24h-sa-so-svojimi-pracovnikmi-v-ramci-systemu-integrovaneho-manazerstva-zavazuje-zabezpecit\" style=\"font-size:14px\"><strong>Vedenie QSR24h sa so svojimi pracovn\u00edkmi v r\u00e1mci syst\u00e9mu&nbsp; integrovan\u00e9ho mana\u017e\u00e9rstva zav\u00e4zuje zabezpe\u010di\u0165:<\/strong>    <\/p>\n<\/div><\/div>\n\n\n\n<p><\/p>\n\n\n\n<ul class=\"wp-block-list\">\n<li>Integrovanie a&nbsp;dodr\u017eiavanie po\u017eiadaviek syst\u00e9mu&nbsp; mana\u017e\u00e9rstva do podnikov\u00fdch procesov organiz\u00e1cie.<\/li>\n\n\n\n<li>Dodr\u017eiavanie platn\u00fdch z\u00e1konov, nariaden\u00ed a&nbsp;noriem.<\/li>\n\n\n\n<li>Rozvoj IMS v&nbsp;organiz\u00e1cii a vytv\u00e1ranie zdrojov potrebn\u00fdch pre jeho udr\u017eiavanie a&nbsp;trval\u00e9 zlep\u0161ovanie.<\/li>\n<\/ul>\n\n\n\n<h2 class=\"wp-block-heading\"><\/h2>\n\n\n\n<h2 class=\"wp-block-heading has-text-color\" id=\"ferovost-bezpecnost-a-kvalita-su-zakladmi-nasej-spolocnosti\" style=\"color:#007a60\"><strong>F\u00c9ROVOS\u0164, BEZPE\u010cNOS\u0164 a KVALITA s\u00fa z\u00e1kladmi na\u0161ej spolo\u010dnosti.<\/strong><\/h2>\n\n\n\n<p id=\"pre-dlhodoby-rozvoj-spoluprace-so-zainteresovanymi-stranami-sa-pre-trvale-zlepsovanie-kvality-dodavanych-sluzieb-zavazujeme\" style=\"font-size:14px\"><strong>Pre dlhodob\u00fd rozvoj spolupr\u00e1ce so zainteresovan\u00fdmi stranami sa pre trval\u00e9 zlep\u0161ovanie kvality dod\u00e1van\u00fdch slu\u017eieb zav\u00e4zujeme:<\/strong><\/p>\n\n\n\n<ul class=\"wp-block-list\">\n<li>Zabezpe\u010dova\u0165 hladk\u00fd priebeh z\u00e1kazky, \u0161tandardizova\u0165 procesy a predch\u00e1dza\u0165 chyb\u00e1m.<\/li>\n\n\n\n<li>Z\u00edskava\u0165 d\u00f4veru a&nbsp;uznanie na\u0161im spr\u00e1van\u00edm sa.<\/li>\n\n\n\n<li>Vyu\u017e\u00edva\u0165 nov\u00e9 technol\u00f3gie, modernizova\u0165 a&nbsp;zefekt\u00edv\u0148ova\u0165 na\u0161e procesy.<\/li>\n\n\n\n<li>Sledova\u0165 po\u017eiadavky zainteresovan\u00fdch str\u00e1n za \u00fa\u010delom nap\u013a\u0148ania po\u017eiadaviek z\u00e1kazn\u00edkov, zlep\u0161ovania procesov, stanovenia, naplnenia a vyhodnocovania cie\u013eov.<\/li>\n\n\n\n<li>Pri ochrane \u017eivotn\u00e9ho prostredia a zdravia na\u0161ich spolupracovn\u00edkov p\u00f4sobi\u0165 prevent\u00edvne a zodpovedne.<\/li>\n\n\n\n<li>Minimalizova\u0165 rizik\u00e1, eliminova\u0165 nebezpe\u010denstv\u00e1 a negat\u00edvne dopady na\u0161ich \u010dinnost\u00ed.<\/li>\n\n\n\n<li>Zni\u017eova\u0165 mno\u017estvo odpadu a&nbsp;spotrebu energi\u00ed.<\/li>\n\n\n\n<li>Zvy\u0161ova\u0165 uvedomelos\u0165 na\u0161ich spolupracovn\u00edkov, vytv\u00e1ra\u0165 pre nich bezpe\u010dn\u00e9 a&nbsp;zdrav\u00e9 pracovn\u00e9 podmienky a&nbsp;poskytn\u00fa\u0165 pre nich priestor pre sp\u00e4tn\u00fa v\u00e4zbu.<\/li>\n<\/ul>\n\n\n\n<h2 class=\"wp-block-heading\"><\/h2>\n\n\n\n<h2 class=\"wp-block-heading\" id=\"kodex-spravania-qsr24h\">K\u00f3dex spr\u00e1vania QSR24h<\/h2>\n\n\n<div class=\"custom-gutenberg-file\"><span><\/span><a href=\"https:\/\/qsr24h-group.com\/wp-content\/uploads\/2023\/09\/Code-of-Conduct-QSR24h_20200309.docx\" title=\"Stiahnu\u0165\" download=\"\"><\/a><p><a href=\"https:\/\/qsr24h-group.com\/wp-content\/uploads\/2023\/09\/Code-of-Conduct-QSR24h_20200309.docx\">\nCode-of-Conduct-QSR24h_20200309<\/a><\/p><\/div>\n\n\n<h2 class=\"wp-block-heading\" id=\"kodex-spravania-qsr24h\">\u0160tandardy trvalej udr\u017eate\u013enosti pre dod\u00e1vate\u013eov<\/h2>\n\n\n<div class=\"custom-gutenberg-file\"><span><\/span><a href=\"https:\/\/qsr24h-group.com\/wp-content\/uploads\/2023\/09\/Supplier-Sustainability-Standards-QSR24h_20200309_SK.docx\" title=\"Stiahnu\u0165\" download=\"\"><\/a><p><a href=\"https:\/\/qsr24h-group.com\/wp-content\/uploads\/2023\/09\/Supplier-Sustainability-Standards-QSR24h_20200309_SK.docx\">\nSupplier-Sustainability-Standards-QSR24h_20200309_SK<\/a><\/p><\/div>\n\n\n<h2 class=\"wp-block-heading\" id=\"kodex-spravania-qsr24h\">Politika bezpe\u010dnosti TISAX<\/h2>\n\n\n<div class=\"custom-gutenberg-file\"><span><\/span><a href=\"https:\/\/qsr24h-group.com\/wp-content\/uploads\/2023\/09\/TISAX_012_ISMS-Politik.pdf\" title=\"Stiahnu\u0165\" download=\"\"><\/a><p><a href=\"https:\/\/qsr24h-group.com\/wp-content\/uploads\/2023\/09\/TISAX_012_ISMS-Politik.pdf\">\nTISAX_012_ISMS-Politik<\/a><\/p><\/div>","protected":false},"excerpt":{"rendered":"<p>Politika integrovan\u00e9ho syst\u00e9mu mana\u017e\u00e9rstva kvality, bezpe\u010dnosti a&nbsp;ochrany zdravia pri pr\u00e1ci a&nbsp;ochrany \u017eivotn\u00e9ho prostredia Vedenie QSR24h sa so svojimi pracovn\u00edkmi v r\u00e1mci syst\u00e9mu&nbsp; integrovan\u00e9ho mana\u017e\u00e9rstva zav\u00e4zuje zabezpe\u010di\u0165: F\u00c9ROVOS\u0164, BEZPE\u010cNOS\u0164 a KVALITA&#8230;<\/p>\n","protected":false},"author":1,"featured_media":322,"parent":0,"menu_order":0,"comment_status":"closed","ping_status":"closed","template":"","meta":{"footnotes":""},"class_list":["post-568","page","type-page","status-publish","has-post-thumbnail","hentry"],"_links":{"self":[{"href":"https:\/\/qsr24h-group.com\/pl\/wp-json\/wp\/v2\/pages\/568","targetHints":{"allow":["GET"]}}],"collection":[{"href":"https:\/\/qsr24h-group.com\/pl\/wp-json\/wp\/v2\/pages"}],"about":[{"href":"https:\/\/qsr24h-group.com\/pl\/wp-json\/wp\/v2\/types\/page"}],"author":[{"embeddable":true,"href":"https:\/\/qsr24h-group.com\/pl\/wp-json\/wp\/v2\/users\/1"}],"replies":[{"embeddable":true,"href":"https:\/\/qsr24h-group.com\/pl\/wp-json\/wp\/v2\/comments?post=568"}],"version-history":[{"count":0,"href":"https:\/\/qsr24h-group.com\/pl\/wp-json\/wp\/v2\/pages\/568\/revisions"}],"wp:featuredmedia":[{"embeddable":true,"href":"https:\/\/qsr24h-group.com\/pl\/wp-json\/wp\/v2\/media\/322"}],"wp:attachment":[{"href":"https:\/\/qsr24h-group.com\/pl\/wp-json\/wp\/v2\/media?parent=568"}],"curies":[{"name":"wp","href":"https:\/\/api.w.org\/{rel}","templated":true}]}}