{"id":514,"date":"2023-09-14T11:38:10","date_gmt":"2023-09-14T09:38:10","guid":{"rendered":"https:\/\/qsr24h-group.com\/profil-firmy\/"},"modified":"2023-09-14T14:30:30","modified_gmt":"2023-09-14T12:30:30","slug":"profil-firmy","status":"publish","type":"page","link":"https:\/\/qsr24h-group.com\/pl\/profil-firmy\/","title":{"rendered":"Profil firmy"},"content":{"rendered":"\n<h1 class=\"wp-block-heading has-text-align-center\" id=\"qsr24hzelena-pre-kvalitu\"><strong>QSR24h<\/strong><br>Green for quality<\/h1>\n\n\n\n<div class=\"wp-block-columns is-layout-flex wp-container-core-columns-is-layout-9d6595d7 wp-block-columns-is-layout-flex\">\n<div class=\"wp-block-column is-layout-flow wp-block-column-is-layout-flow\">\n<h2 class=\"wp-block-heading\" id=\"uvod-a-historia\">WST\u0118P I HISTORIA<\/h2>\n\n\n\n<p>Korzenie QSR24h znajduj\u0105 si\u0119 w Niemczech. Od 2006 roku \u015bwiadczymy us\u0142ugi dla dostawc\u00f3w z bran\u017cy motoryzacyjnej w naszej sieci oddzia\u0142\u00f3w w Czechach, na W\u0119grzech, w Polsce i na S\u0142owacji. <\/p>\n\n\n\n<p>Jeste\u015bmy do\u015bwiadczonymi specjalistami. Uczciwo\u015b\u0107, bezpiecze\u0144stwo i jako\u015b\u0107 to fundamenty naszej firmy. Szybko i skutecznie eliminujemy wady jako\u015bciowe zar\u00f3wno w zak\u0142adzie klienta, jak i bezpo\u015bredniego dostawcy, a tak\u017ce proponujemy rozwi\u0105zania maj\u0105ce na celu zapobieganie im. Osobisty kontakt z klientem jest dla nas wa\u017cny.    <\/p>\n\n\n\n<p>Zajmujemy si\u0119 kompleksowym zapewnieniem jako\u015bci, procesami i in\u017cynieri\u0105 w oparciu o nasze certyfikaty ISO 9001, ISO 14001 i ISO 45001.<\/p>\n\n\n\n<p>\u2022 <strong>2005 QSR24h Hungary, Kft v Gy\u0151ri \/ W\u0119gry<\/strong><\/p>\n\n\n\n<p>\u2022 <strong>2006 QSR24h Slovakia, s.r.o. v Bratys\u0142awa \/ S\u0142owacja<\/strong><\/p>\n\n\n\n<p>\u2022 <strong>2006 QSR24h Polen in Wa\u0142brzych \/ Polska<\/strong><\/p>\n\n\n\n<p>\u2022 2007 Certyfikat dla QSR24h normy DIN EN ISO 9001:2000<\/p>\n\n\n\n<p>\u2022 <strong>2010 QSR24h Czech, s.r.o. in Mlad\u00e1 Boleslav w Czechach<\/strong><\/p>\n\n\n\n<p>\u2022 2012 Operacja Kecskem\u00e9t<\/p>\n\n\n\n<p>\u2022 2016 Operacja B\u0159eclav \/ CZ<\/p>\n\n\n\n<p>\u2022 2012 Warenfilter Audi Gy\u0151r \/ W\u0119gry<\/p>\n\n\n\n<p>\u2022 2016 Operacja Pozna\u0144 \/ Polska<\/p>\n\n\n\n<p class=\"has-text-align-left\">\u2022 2018 Certyfikacja QSR24h norma ISO 9001:2015, ISO 45001:2015, ISO14001:2018<\/p>\n\n\n\n<p>\u2022 2019 Operacja \u017diar nad Hronom \/ S\u0142owacja<\/p>\n\n\n\n<p>\u2022 2019 Operacja Hyundai No\u0161ovice \/ Czechy<\/p>\n\n\n\n<p>\u2022 2020 Warenfilter Volkswagen Pozna\u0144 \/ Polska<\/p>\n\n\n\n<p>\u2022 2021 Warenfilter \u0160koda Auto Mlad\u00e1 Boleslav a Kvasiny \/ Czechy <\/p>\n\n\n\n<p>\u2022 2022 Certyfikacja TISAX<\/p>\n<\/div>\n\n\n\n<div class=\"wp-block-column is-layout-flow wp-block-column-is-layout-flow\">\n<h2 class=\"wp-block-heading\" id=\"dovody-pre-spolupracu-s-qsr24h\">POWODY, DLA KT\u00d3RYCH WARTO WSP\u00d3\u0141PRACOWA\u0106 Z QSR24H<\/h2>\n\n\n\n<p><strong>24 GODZINY NA DOB\u0118 I 365 DNI W ROKU<\/strong><\/p>\n\n\n\n<p>Na\u0161e meno je program. Jeste\u015bmy do Twojej dyspozycji przez ca\u0142y dzie\u0144. Zawsze jeste\u015bmy gotowi rozwi\u0105zywa\u0107 problemy techniczne, aby przynie\u015b\u0107 Ci ulg\u0119 i zapewni\u0107 pe\u0142n\u0105 satysfakcj\u0119.<\/p>\n\n\n\n<p><strong>DU\u017bA I ELASTYCZNA SI\u0141A ROBOCZA<\/strong><\/p>\n\n\n\n<p>W ca\u0142ej Europie zatrudniamy ponad 500 pracownik\u00f3w, kt\u00f3rych jeste\u015bmy w stanie zapewni\u0107 naszym klientom. Zlecenia s\u0105 realizowane profesjonalnie i precyzyjnie.<\/p>\n\n\n\n<p><strong>SZKOLENIE PRACOWNIK\u00d3W<\/strong><\/p>\n\n\n\n<p>Nasi pracownicy s\u0105 regularnie szkoleni przez audytor\u00f3w. Standardowo s\u0105 oni szkoleni z zasad og\u00f3lnych naszej firmy, zasad bezpiecze\u0144stwa obowi\u0105zuj\u0105cych w ka\u017cdym zak\u0142adzie, zasad 5S, podstaw VDA i wielu innych.<\/p>\n\n\n\n<p><strong>SZCZEG\u00d3\u0141Y I PRECYZJA<\/strong><\/p>\n\n\n\n<p>Zwracamy uwag\u0119 na szczeg\u00f3\u0142y<br>Niczego nie zostawiamy przypadkowi.<\/p>\n\n\n\n<p><strong>CERTYFIKACJA<\/strong><\/p>\n\n\n\n<p>Od wielu lat pracujemy w oparciu o systemy zarz\u0105dzania jako\u015bci\u0105 ISO 9001, ISO14001, ISO 45001 i TISAX.<\/p>\n\n\n\n<p><strong>ZAWSZE W POBLI\u017bU<\/strong><\/p>\n\n\n\n<p>Ze wzgl\u0119du na blisko\u015b\u0107 naszych pracownik\u00f3w do miejsca wdro\u017cenia, jeste\u015bmy w stanie w kr\u00f3tkim czasie zapewni\u0107 naszym klientom wdro\u017cenie systemu na miejscu.<\/p>\n\n\n\n<p><strong>JASNA I DOK\u0141ADNA DOKUMENTACJA<\/strong><\/p>\n\n\n\n<p>Wsp\u00f3lnie z naszymi klientami opracowali\u015bmy dokumentacj\u0119, kt\u00f3ra zawiera wszystkie niezb\u0119dne dane, dzi\u0119ki czemu jest jasna i przejrzysta. Umo\u017cliwia to szybki i \u0142atwy przegl\u0105d stanu projektu.<\/p>\n\n\n\n<p><strong>ELEKTRONICZNE PRZETWARZANIE DANYCH<\/strong><\/p>\n\n\n\n<p>Stale modernizujemy i pracujemy nad ulepszeniem i cyfryzacj\u0105 naszych proces\u00f3w. Wewn\u0119trznie opracowany system przyspiesza i usprawnia nasz\u0105 prac\u0119, a dzi\u0119ki stopniowemu rezygnowaniu z papieru oszcz\u0119dzamy \u015brodowisko i przyczyniamy si\u0119 do jego zr\u00f3wnowa\u017conego rozwoju.<\/p>\n<\/div>\n<\/div>\n\n\n\n<h1 class=\"wp-block-heading has-text-align-center\" id=\"certifikaty\">CERTFIKATY<\/h1>\n\n\n\n<div class=\"wp-block-columns is-layout-flex wp-container-core-columns-is-layout-9d6595d7 wp-block-columns-is-layout-flex\">\n<div class=\"wp-block-column is-layout-flow wp-block-column-is-layout-flow\">\n<figure class=\"wp-block-image size-large\"><img loading=\"lazy\" decoding=\"async\" width=\"724\" height=\"1024\" src=\"https:\/\/qsr24h-group.com\/wp-content\/uploads\/2023\/09\/ISO-9001-englisch-Unterzertifikat_CZ-724x1024.jpg\" alt=\"\" class=\"wp-image-62\"\/><\/figure>\n<\/div>\n\n\n\n<div class=\"wp-block-column is-layout-flow wp-block-column-is-layout-flow\">\n<figure class=\"wp-block-image size-large\"><img loading=\"lazy\" decoding=\"async\" width=\"724\" height=\"1024\" src=\"https:\/\/qsr24h-group.com\/wp-content\/uploads\/2023\/09\/ISO-9001-englisch-Unterzertifikat_HU-724x1024.jpg\" alt=\"\" class=\"wp-image-63\"\/><\/figure>\n<\/div>\n\n\n\n<div class=\"wp-block-column is-layout-flow wp-block-column-is-layout-flow\">\n<figure class=\"wp-block-image size-large\"><img loading=\"lazy\" decoding=\"async\" width=\"724\" height=\"1024\" src=\"https:\/\/qsr24h-group.com\/wp-content\/uploads\/2023\/09\/ISO-9001-englisch-Unterzertifikat_PL-724x1024.jpg\" alt=\"\" class=\"wp-image-60\"\/><\/figure>\n<\/div>\n<\/div>\n\n\n\n<div class=\"wp-block-columns is-layout-flex wp-container-core-columns-is-layout-9d6595d7 wp-block-columns-is-layout-flex\">\n<div class=\"wp-block-column is-layout-flow wp-block-column-is-layout-flow\">\n<figure class=\"wp-block-image size-large\"><img loading=\"lazy\" decoding=\"async\" width=\"724\" height=\"1024\" src=\"https:\/\/qsr24h-group.com\/wp-content\/uploads\/2023\/09\/0001-1-724x1024.jpg\" alt=\"\" class=\"wp-image-65\"\/><\/figure>\n<\/div>\n\n\n\n<div class=\"wp-block-column is-layout-flow wp-block-column-is-layout-flow\">\n<figure class=\"wp-block-image size-large\"><img loading=\"lazy\" decoding=\"async\" width=\"724\" height=\"1024\" src=\"https:\/\/qsr24h-group.com\/wp-content\/uploads\/2023\/09\/0002-724x1024.jpg\" alt=\"\" class=\"wp-image-69\"\/><\/figure>\n<\/div>\n\n\n\n<div class=\"wp-block-column is-layout-flow wp-block-column-is-layout-flow\">\n<figure class=\"wp-block-image size-large\"><img loading=\"lazy\" decoding=\"async\" width=\"724\" height=\"1024\" src=\"https:\/\/qsr24h-group.com\/wp-content\/uploads\/2023\/09\/ISO-14001-englisch-Unterzertifikat_CZ-724x1024.jpg\" alt=\"\" class=\"wp-image-61\"\/><\/figure>\n<\/div>\n<\/div>\n\n\n\n<div class=\"wp-block-columns is-layout-flex wp-container-core-columns-is-layout-9d6595d7 wp-block-columns-is-layout-flex\">\n<div class=\"wp-block-column is-layout-flow wp-block-column-is-layout-flow\">\n<figure class=\"wp-block-image size-large\"><img loading=\"lazy\" decoding=\"async\" width=\"724\" height=\"1024\" src=\"https:\/\/qsr24h-group.com\/wp-content\/uploads\/2023\/09\/0001-2-724x1024.jpg\" alt=\"\" class=\"wp-image-66\"\/><\/figure>\n<\/div>\n\n\n\n<div class=\"wp-block-column is-layout-flow wp-block-column-is-layout-flow\">\n<figure class=\"wp-block-image size-large\"><img loading=\"lazy\" decoding=\"async\" width=\"724\" height=\"1024\" src=\"https:\/\/qsr24h-group.com\/wp-content\/uploads\/2023\/09\/0002-1-724x1024.jpg\" alt=\"\" class=\"wp-image-70\"\/><\/figure>\n<\/div>\n\n\n\n<div class=\"wp-block-column is-layout-flow wp-block-column-is-layout-flow\">\n<figure class=\"wp-block-image size-large\"><img loading=\"lazy\" decoding=\"async\" width=\"724\" height=\"1024\" src=\"https:\/\/qsr24h-group.com\/wp-content\/uploads\/2023\/09\/0001-724x1024.jpg\" alt=\"\" class=\"wp-image-64\"\/><\/figure>\n<\/div>\n<\/div>\n","protected":false},"excerpt":{"rendered":"<p>QSR24hGreen for quality WST\u0118P I HISTORIA Korzenie QSR24h znajduj\u0105 si\u0119 w Niemczech. Od 2006 roku \u015bwiadczymy us\u0142ugi dla dostawc\u00f3w z bran\u017cy motoryzacyjnej w naszej sieci oddzia\u0142\u00f3w w Czechach, na W\u0119grzech,&#8230;<\/p>\n","protected":false},"author":1,"featured_media":147,"parent":0,"menu_order":0,"comment_status":"closed","ping_status":"closed","template":"page-company.php","meta":{"footnotes":""},"class_list":["post-514","page","type-page","status-publish","has-post-thumbnail","hentry"],"_links":{"self":[{"href":"https:\/\/qsr24h-group.com\/pl\/wp-json\/wp\/v2\/pages\/514","targetHints":{"allow":["GET"]}}],"collection":[{"href":"https:\/\/qsr24h-group.com\/pl\/wp-json\/wp\/v2\/pages"}],"about":[{"href":"https:\/\/qsr24h-group.com\/pl\/wp-json\/wp\/v2\/types\/page"}],"author":[{"embeddable":true,"href":"https:\/\/qsr24h-group.com\/pl\/wp-json\/wp\/v2\/users\/1"}],"replies":[{"embeddable":true,"href":"https:\/\/qsr24h-group.com\/pl\/wp-json\/wp\/v2\/comments?post=514"}],"version-history":[{"count":1,"href":"https:\/\/qsr24h-group.com\/pl\/wp-json\/wp\/v2\/pages\/514\/revisions"}],"predecessor-version":[{"id":521,"href":"https:\/\/qsr24h-group.com\/pl\/wp-json\/wp\/v2\/pages\/514\/revisions\/521"}],"wp:featuredmedia":[{"embeddable":true,"href":"https:\/\/qsr24h-group.com\/pl\/wp-json\/wp\/v2\/media\/147"}],"wp:attachment":[{"href":"https:\/\/qsr24h-group.com\/pl\/wp-json\/wp\/v2\/media?parent=514"}],"curies":[{"name":"wp","href":"https:\/\/api.w.org\/{rel}","templated":true}]}}