{"id":494,"date":"2023-09-14T11:40:15","date_gmt":"2023-09-14T09:40:15","guid":{"rendered":"https:\/\/qsr24h-group.com\/zasady-i-warunki\/obchodne-podmienky-pre-sr\/"},"modified":"2023-09-14T11:40:15","modified_gmt":"2023-09-14T09:40:15","slug":"obchodne-podmienky-pre-sr","status":"publish","type":"page","link":"https:\/\/qsr24h-group.com\/pl\/zasady-i-warunki\/obchodne-podmienky-pre-sr\/","title":{"rendered":"Obchodn\u00e9 podmienky pre SR"},"content":{"rendered":"\n<h2 class=\"wp-block-heading\">V\u0161eobecn\u00e9 obchodn\u00e9 podmienky QSR24h Slovakia, s.r.o.<\/h2>\n\n\n\n<h2 class=\"wp-block-heading\">1. Platnos\u0165 obchodn\u00fdch podmienok<\/h2>\n\n\n\n<p>QSR24h Slovakia, s.r.o. (\u010falej ako \u201eQSR24h\u201c) je poskytovate\u013eom komplexn\u00fdch slu\u017eieb v oblasti mana\u017ementu kvality. QSR24h vykon\u00e1va slu\u017eby pod\u013ea objedn\u00e1vky objedn\u00e1vate\u013ea predmetnej slu\u017eby (\u010falej ako \u201eobjedn\u00e1vate\u013e\u201c), ktor\u00fa objedn\u00e1vate\u013e predlo\u017e\u00ed QSR24h na p\u00edsomnom tla\u010dive (formul\u00e1ri), ktor\u00e9 mu na tento \u00fa\u010del poskytne QSR24h alebo si ju objedn\u00e1vate\u013e stiahne prostredn\u00edctvom webovej str\u00e1nky QSR24h. Objedn\u00e1vate\u013e doru\u010d\u00ed objedn\u00e1vku QSR24h v p\u00edsomnej forme na (i) adresu s\u00eddla QSR24h, (ii) faxov\u00e9 \u010d\u00edslo QSR24h uveden\u00e9 v objedn\u00e1vke, (iii) emailov\u00fa adresu QSR24h uveden\u00fa v objedn\u00e1vke. Zmluvn\u00fd vz\u0165ah medzi objedn\u00e1vate\u013eom a QSR24h vznik\u00e1 akcept\u00e1ciou, resp. potvrden\u00edm p\u00edsomnej objedn\u00e1vky objedn\u00e1vate\u013ea zo strany QSR24h, ktor\u00e1 bude prejaven\u00e1 tak, \u017ee QSR24h p\u00edsomne potvrd\u00ed objedn\u00e1vku objedn\u00e1vate\u013ea pod\u013ea \u010dl\u00e1nku 2 t\u00fdchto obchodn\u00fdch podmienok. Objedn\u00e1vate\u013e vyjadruje s\u00fahlas s t\u00fdmito obchodn\u00fdmi podmienkami okamihom odoslania p\u00edsomnej objedn\u00e1vky QSR24h. Po uzatvoren\u00ed zmluvy platia tieto obchodn\u00e9 podmienky po\u010das doby trvania cel\u00e9ho obchodn\u00e9ho vz\u0165ahu medzi objedn\u00e1vate\u013eom a QSR24h.<\/p>\n\n\n\n<p>Zmeny a odch\u00fdlky od t\u00fdchto obchodn\u00fdch podmienok musia by\u0165 stanoven\u00e9 p\u00edsomne v objedn\u00e1vke alebo v osobitnej zmluve medzi objedn\u00e1vate\u013eom a QSR24h. Ak nie je p\u00edsomne dohodnut\u00e9 medzi objedn\u00e1vate\u013eom a QSR24h inak, maj\u00fa tieto obchodn\u00e9 podmienky QSR24h prednos\u0165 pred obchodn\u00fdmi podmienkami zmluvn\u00e9ho partnera, t.j. objedn\u00e1vate\u013ea.<\/p>\n\n\n\n<p>Vo veciach t\u00fdkaj\u00facich sa objedn\u00e1vky, je za objedn\u00e1vate\u013ea opr\u00e1vnen\u00e1 kona\u0165 osoba uveden\u00e1 v objedn\u00e1vke ako kontaktn\u00e1 osoba.<\/p>\n\n\n\n<h2 class=\"wp-block-heading\">2. Uzatvorenie zmluvy, ukon\u010denie zmluvy<\/h2>\n\n\n\n<p>Zmluva vstupuje do platnosti p\u00edsomn\u00fdm potvrden\u00edm objedn\u00e1vky zo strany QSR24h, doru\u010den\u00fdm na (i) adresu s\u00eddla objedn\u00e1vate\u013ea, (ii) faxov\u00e9 \u010d\u00edslo objedn\u00e1vate\u013ea uveden\u00e9 v objedn\u00e1vke, (iii) emailov\u00fa adresu objedn\u00e1vate\u013ea uveden\u00fa v objedn\u00e1vke.<\/p>\n\n\n\n<p>Zmluvn\u00fd vz\u0165ah zalo\u017een\u00fd objedn\u00e1vkou sa kon\u010d\u00ed uskuto\u010dnen\u00edm dohodnut\u00fdch slu\u017eieb pre objedn\u00e1vate\u013ea alebo uplynut\u00edm lehoty ur\u010denej v objedn\u00e1vke.<\/p>\n\n\n\n<p>V pr\u00edpade, \u017ee objedn\u00e1vate\u013e m\u00e1 z\u00e1ujem, aby QSR24h pred\u010dasne ukon\u010dila v\u00fdkon slu\u017eieb alebo zn\u00ed\u017eila rozsah dohodnut\u00fdch slu\u017eieb (oproti rozsahu slu\u017eieb, ktor\u00fd bol p\u00f4vodne dohodnut\u00fd v potvrdenej objedn\u00e1vke) je okrem \u00fastneho\/telefonick\u00e9ho dohovoru s QSR24h objedn\u00e1vate\u013e povinn\u00fd zasla\u0165 aj p\u00edsomn\u00e9 ozn\u00e1menie o takomto pred\u010dasnom ukon\u010den\u00ed v\u00fdkonu slu\u017eieb na e-mailov\u00fa adresu QSR24h &#8211; info.sk@localhost. V takomto pr\u00edpade bude QSR24h re\u0161pektova\u0165 po\u017eiadavku objedn\u00e1vate\u013ea a poskytovanie slu\u017eieb ukon\u010d\u00ed v najbli\u017e\u0161om mo\u017enom term\u00edne vzh\u013eadom na okolnosti konkr\u00e9tneho pr\u00edpadu.<\/p>\n\n\n\n<p>V pr\u00edpade pred\u010dasn\u00e9ho ukon\u010denia platnosti zmluvy z d\u00f4vodov na strane objedn\u00e1vate\u013ea, m\u00e1 QSR24h n\u00e1rok na odmenu za vykonan\u00e9 pr\u00e1ce do \u010dasu pred\u010dasn\u00e9ho ukon\u010denia zmluvy. Ak to po\u017eaduje objedn\u00e1vate\u013e v objedn\u00e1vke, po potvrden\u00ed objedn\u00e1vky, vypracuje QSR24h pracovn\u00fd postup, ktor\u00fd obsahuje detailn\u00fd popis realiz\u00e1cie objedn\u00e1vky. Pracovn\u00fd postup mus\u00ed by\u0165 ods\u00fahlasen\u00fd zodpovednou osobou objedn\u00e1vate\u013ea.<\/p>\n\n\n\n<h2 class=\"wp-block-heading\">3. Pr\u00e1va a povinnosti zmluvn\u00fdch str\u00e1n<\/h2>\n\n\n\n<p>QSR24h je povinn\u00e1 objednan\u00e9 slu\u017eby vykona\u0165 v term\u00edne dohodnutom v potvrdenej objedn\u00e1vke a pod\u013ea pracovn\u00e9ho postupu, ktor\u00fd vypracuje QSR24h a potvrdzuje ho objedn\u00e1vate\u013e, pr\u00edpadne odberate\u013e objedn\u00e1vate\u013ea po potvrden\u00ed objedn\u00e1vky.<\/p>\n\n\n\n<p>V pr\u00edpade objekt\u00edvnych skuto\u010dnost\u00ed, ktor\u00e9 nezapr\u00ed\u010dinila QSR24h alebo z d\u00f4vodov na strane objedn\u00e1vate\u013ea, resp. jeho odberate\u013ea, pre ktor\u00e9 nie je mo\u017en\u00e9 doda\u0165 slu\u017eby v dohodnutom term\u00edne, sa \u010das dodania slu\u017eieb predl\u017euje o \u010das trvania tak\u00fdchto prek\u00e1\u017eok.<\/p>\n\n\n\n<p>QSR24h je opr\u00e1vnen\u00e1 pozastavi\u0165 alebo \u00faplne zastavi\u0165 vykon\u00e1vanie objednan\u00fdch slu\u017eieb v pr\u00edpade ak nebola objedn\u00e1vate\u013eom doru\u010den\u00e1 potvrden\u00e1 zmluva, ak tak\u00e1to osobitn\u00e1 zmluva o poskytovan\u00ed slu\u017eieb m\u00e1 by\u0165 s objedn\u00e1vate\u013eom uzatvoren\u00e1 alebo v pr\u00edpade, \u017ee objedn\u00e1vate\u013e je v ome\u0161kan\u00ed s \u00fahradou akejko\u013evek fakt\u00fary vystavenej QSR24h. V takomto pr\u00edpade nie je QSR24h povinn\u00e1 \u010falej vykon\u00e1va\u0165 objednan\u00e9 slu\u017eby, je opr\u00e1vnen\u00e1 od zmluvy odst\u00fapi\u0165 a jej z\u00e1v\u00e4zok v tomto rozsahu zanik\u00e1, pri\u010dom objedn\u00e1vate\u013e je povinn\u00fd cenu u\u017e poskytnut\u00fdch slu\u017eieb QSR24h uhradi\u0165.<\/p>\n\n\n\n<p>Objedn\u00e1vate\u013e je povinn\u00fd za objednan\u00e9 slu\u017eby QSR24h riadne a v\u010das zaplati\u0165.<\/p>\n\n\n\n<p>O poskytnut\u00fdch slu\u017eb\u00e1ch vyhotovuje QSR24h pracovn\u00fd v\u00fdkaz, ktor\u00fd obsahuje podrobn\u00fd \u010dasov\u00fd rozpis vykon\u00e1vania slu\u017eieb jednotliv\u00fdmi pracovn\u00edkmi QSR24h. Pracovn\u00fd v\u00fdkaz sl\u00fa\u017ei ako podklad k faktur\u00e1cii.<\/p>\n\n\n\n<p>QSR24h je opr\u00e1vnen\u00e1 po za\u010dat\u00ed v\u00fdkonu objednan\u00fdch slu\u017eieb pou\u017e\u00edva\u0165 ozna\u010denie objedn\u00e1vate\u013ea vo svojich informa\u010dn\u00fdch a reklamn\u00fdch materi\u00e1loch, ako aj pri svojich in\u00fdch \u010dinnostiach a to v rozsahu obchodn\u00e9ho mena a loga objedn\u00e1vate\u013ea.<\/p>\n\n\n\n<h2 class=\"wp-block-heading\">4. Platobn\u00e9 podmienky, n\u00e1roky<\/h2>\n\n\n\n<p>Objedn\u00e1vate\u013e sa zav\u00e4zuje za poskytnut\u00e9 slu\u017eby zaplati\u0165 QSR24h odmenu vo v\u00fd\u0161ke dohodnutej v objedn\u00e1vke. K odmene bude pripo\u010d\u00edtan\u00e1 pr\u00edslu\u0161n\u00e1 sadzba DPH. \u010casy potrebn\u00e9 na logistick\u00e9 presuny materi\u00e1lov, administrat\u00edvu, pracovn\u00edkov sa zapo\u010d\u00edtavaj\u00fa do riadneho v\u00fdkonu pr\u00e1c. Ak\u00e9ko\u013evek n\u00e1klady spojen\u00e9 s oneskoren\u00edm a prestojmi sp\u00f4soben\u00fdmi odst\u00e1vkami strojov a zariaden\u00ed, oneskoren\u00fdm dodan\u00edm materi\u00e1lu alebo in\u00fdmi me\u0161kaniami nesp\u00f4soben\u00fdmi spolo\u010dnos\u0165ou QSR24h je objedn\u00e1vate\u013e povinn\u00fd QSR24h nahradi\u0165. QSR24h je povinn\u00e1 objedn\u00e1vate\u013ea o t\u00fdchto prek\u00e1\u017ekach a ich trvan\u00ed informova\u0165.<\/p>\n\n\n\n<p>QSR24h vystav\u00ed objedn\u00e1vate\u013eovi fakt\u00faru za poskytnut\u00e9 slu\u017eby po ich odovzdan\u00ed objedn\u00e1vate\u013eovi. Pri poskytovan\u00ed slu\u017eieb v obdob\u00ed dlh\u0161om ako 14 dn\u00ed, m\u00e1 QSR24h pr\u00e1vo vystavi\u0165 \u010diastkov\u00e9 fakt\u00fary a to za ka\u017ed\u00fdch 7 dn\u00ed poskytovania slu\u017eieb objedn\u00e1vate\u013eovi. Fakt\u00fary s\u00fa splatn\u00e9 v lehote 30 dn\u00ed od ich vystavenia. N\u00e1mietky k obsahu fakt\u00fary s\u00fa po uplynut\u00ed doby splatnosti vyl\u00fa\u010den\u00e9 a fakt\u00fara sa v takomto pr\u00edpade pova\u017euje za uznan\u00fa zo strany objedn\u00e1vate\u013ea.<\/p>\n\n\n\n<p>V pr\u00edpade ome\u0161kania objedn\u00e1vate\u013ea s \u00fahradou fakt\u00fary, m\u00e1 QSR24h n\u00e1rok na zaplatenie \u00faroku z ome\u0161kania vo v\u00fd\u0161ke 0,05 % z fakturovanej sumy za ka\u017ed\u00fd aj za\u010dat\u00fd de\u0148 ome\u0161kania a na zaplatenie pau\u0161\u00e1lnej n\u00e1hrady n\u00e1kladov spojen\u00fdch s uplatnen\u00edm poh\u013ead\u00e1vky vo v\u00fd\u0161ke 40,- EUR jednorazovo bez oh\u013eadu na d\u013a\u017eku ome\u0161kania.<\/p>\n\n\n\n<h2 class=\"wp-block-heading\">5. Zodpovednos\u0165 za vady a zodpovednos\u0165 za \u0161kodu<\/h2>\n\n\n\n<p>QSR24h zodpoved\u00e1 za riadne poskytnutie slu\u017eieb. N\u00e1roky z v\u00e1d poskytnut\u00fdch slu\u017eieb alebo zo sp\u00f4sobenej \u0161kody je objedn\u00e1vate\u013e povinn\u00fd bezodkladne po ich zisten\u00ed ozn\u00e1mi\u0165 QSR24h. Sp\u00f4sob vybavenia reklam\u00e1cie ur\u010duje QSR24h, pri\u010dom ak to bude mo\u017en\u00e9, QSR24h uprednostn\u00ed opravu poskytnut\u00fdch slu\u017eieb pred in\u00fdm sp\u00f4sobom vybavenia reklam\u00e1cie.<\/p>\n\n\n\n<p>QSR24h zodpoved\u00e1 iba za \u0161kody, ktor\u00e9 vznikli v pr\u00ed\u010dinnej s\u00favislosti s poskytovan\u00edm slu\u017eieb QSR24h. QSR24h zodpoved\u00e1 \u0161kodu len do v\u00fd\u0161ky ceny poskytnutej slu\u017eby, v s\u00favislosti s ktorou vznikla objedn\u00e1vate\u013eovi \u0161koda. QSR24h nezodpoved\u00e1 za \u0161kody, ak tieto vznikli v d\u00f4sledku z\u00e1sahu vy\u0161\u0161ej moci.<\/p>\n\n\n\n<p>Podrobn\u00fd proces uplat\u0148ovania n\u00e1rok z v\u00e1d a zo sp\u00f4sobenej \u0161kody je upraven\u00fd v dokumente Reklama\u010dn\u00fd poriadok zverejnen\u00fd na str\u00e1nke www.localhost, ktor\u00fd tvor\u00ed neoddelite\u013en\u00fa s\u00fa\u010das\u0165 t\u00fdchto obchodn\u00fdch podmienok.<\/p>\n\n\n\n<h2 class=\"wp-block-heading\">6. Miesto poskytovania slu\u017eieb, ochrana zdravia a bezpe\u010dnos\u0165 pri pr\u00e1ci, ochrana \u017eivotn\u00e9ho prostredia a nakladanie s odpadom<\/h2>\n\n\n\n<p>Miesto poskytovania slu\u017eieb je ur\u010den\u00e9 objedn\u00e1vate\u013eom, pri\u010dom tak\u00fdmto miestom bude miesto na \u00fazem\u00ed Slovenskej republiky, ak sa zmluvn\u00e9 strany nedohodn\u00fa v konkr\u00e9tnom pr\u00edpade inak. QSR24h je povinn\u00e1 dodr\u017eiava\u0165 predpisy bezpe\u010dnosti a ochrany zdravia pri pr\u00e1ci v rozsahu stanovenom predpismi platn\u00fdmi v mieste v\u00fdkonu slu\u017eieb.<\/p>\n\n\n\n<p>Objedn\u00e1vate\u013e zodpoved\u00e1 za to, \u017ee miesto poskytovania slu\u017eieb sp\u013a\u0148a v\u0161etky z\u00e1konn\u00e9 po\u017eiadavky stanoven\u00e9 pr\u00edslu\u0161n\u00fdmi pr\u00e1vnymi predpismi upravuj\u00facimi bezpe\u010dnos\u0165 a ochranu zdravia pri pr\u00e1ci a po\u017eiarnu ochranu. Pokia\u013e nie je dohodnut\u00e9 inak, ak\u00e9ko\u013evek ochrann\u00e9 prostriedky je povinn\u00fd poskytn\u00fa\u0165 objedn\u00e1vate\u013e na vlastn\u00e9 n\u00e1klady. Objedn\u00e1vate\u013e je povinn\u00fd informova\u0165 QSR24h o \u0161pecifick\u00fdch nebezpe\u010denstv\u00e1ch vyskytuj\u00facich sa pri objednan\u00fdch slu\u017eobn\u00fdch v\u00fdkonoch, ako aj o opatreniach na prevenciu proti ich v\u00fdskytu.<\/p>\n\n\n\n<p>QSR24h zabezpe\u010d\u00ed dodr\u017eiavanie rozsahu a rozlo\u017eenia pracovn\u00e9ho \u010dasu v zmysle Z\u00e1konn\u00edka pr\u00e1ce (z\u00e1kon \u010d. 311\/2001 Z.z. v znen\u00ed neskor\u0161\u00edch predpisov) vo vz\u0165ahu ku svojim zamestnancom, prostredn\u00edctvom ktor\u00fdch bude poskytova\u0165 u objedn\u00e1vate\u013ea slu\u017eby.<\/p>\n\n\n\n<p>QSR24h pou\u010d\u00ed person\u00e1l, prostredn\u00edctvom ktor\u00e9ho poskytuje slu\u017eby u klienta, o pravidl\u00e1ch dodr\u017eiavania ochrany \u017eivotn\u00e9ho prostredia a ochrany zdravia a bezpe\u010dnosti pri pr\u00e1ci.<\/p>\n\n\n\n<p>Za nakladanie s odpadom, spo\u010d\u00edvaj\u00face v zbere, preprave, zhodnoten\u00ed, zne\u0161kodnen\u00ed odpadu, a i. v zmysle ustanoven\u00ed z\u00e1kona \u010d. 79\/2015 Z. z. o odpadoch v znen\u00ed neskor\u0161\u00edch predpisov zodpoved\u00e1 subjekt, v mieste ktor\u00e9ho s\u00fa slu\u017eby poskytovan\u00e9. Ak QSR24h poskytuje slu\u017eby v oblasti zabezpe\u010denia kvality na z\u00e1klade objedn\u00e1vky priamo u objedn\u00e1vate\u013ea slu\u017eby, resp. u jeho odberate\u013ea, za odpad vzniknut\u00fd z tejto \u010dinnosti zodpoved\u00e1 objedn\u00e1vate\u013e slu\u017eby, resp. jeho odberate\u013e. Ak QSR24h poskytuje slu\u017eby v oblasti zabezpe\u010denia kvality na z\u00e1klade objedn\u00e1vky v in\u00fdch priestoroch, ne\u017e v priestoroch objedn\u00e1vate\u013ea resp. jeho odberate\u013ea, za odpad vzniknut\u00fd z tejto \u010dinnosti zodpoved\u00e1 subjekt, ktor\u00fd tieto priestory za t\u00fdmto \u00fa\u010delom poskytol, ak nie je medzi objedn\u00e1vate\u013eom slu\u017eby a t\u00fdmto subjektom dohodnut\u00e9 inak.<\/p>\n\n\n\n<h2 class=\"wp-block-heading\">7. Dohoda o ml\u010danlivosti<\/h2>\n\n\n\n<p>V zmluvnom vz\u0165ahu medzi QSR24h a objedn\u00e1vate\u013eom je vz\u00e1jomn\u00e1 povinnos\u0165 zachov\u00e1va\u0165 ml\u010danlivos\u0165 o skuto\u010dnostiach, obchodnej, v\u00fdrobnej a technickej povahy o ktor\u00fdch sa zmluvn\u00e9 strany dozvedia v s\u00favislosti so svojou \u010dinnos\u0165ou, obzvl\u00e1\u0161\u0165 o odbyte, v\u00fdrobn\u00fdch procesoch, z\u00e1kazn\u00edckych zoznamoch, firemnom softv\u00e9ri, formul\u00e1roch a hl\u00e1seniach, z\u00e1kazn\u00edckych formul\u00e1roch a \u0161tandardoch firiem rovnako po\u010das trvania ako aj po ukon\u010den\u00ed zmluvn\u00e9ho vz\u0165ahu. Tieto inform\u00e1cie a skuto\u010dnosti pova\u017euj\u00fa zmluvn\u00e9 strany za obchodn\u00e9 tajomstvo v zmysle \u00a7 17 a nasl. Obchodn\u00e9ho z\u00e1konn\u00edka (z\u00e1kon \u010d. 513\/1991 Zb. v znen\u00ed neskor\u0161\u00edch predpisov), ktor\u00e9ho poru\u0161enie po\u017e\u00edva ochranu pod\u013ea \u00a7 20 Obchodn\u00e9ho z\u00e1konn\u00edka.<\/p>\n\n\n\n<h2 class=\"wp-block-heading\">8. Vo\u013eba pr\u00e1vomoci rozhodcovsk\u00e9ho s\u00fadu a rozhodn\u00e9ho pr\u00e1va<\/h2>\n\n\n\n<p>Vz\u00e1jomn\u00e9 vz\u0165ahy medzi objedn\u00e1vate\u013eom a QSR24h, ktor\u00e9 nie s\u00fa v\u00fdslovne upraven\u00e9 v t\u00fdchto obchodn\u00fdch podmienkach alebo v osobitnej p\u00edsomnej zmluve sa riadia pr\u00e1vom Slovenskej republiky, najm\u00e4 pr\u00edslu\u0161n\u00fdmi ustanoveniami z\u00e1kona \u010d. 513\/1991 Zb. Obchodn\u00fd z\u00e1konn\u00edk. Na prejednanie ak\u00fdchko\u013evek sporov vzniknut\u00fdch z pr\u00e1vnych vz\u0165ahov vypl\u00fdvaj\u00facich z t\u00fdchto obchodn\u00fdch podmienok alebo v s\u00favislosti s nimi bud\u00fa pr\u00edslu\u0161n\u00e9 s\u00fady Slovenskej republiky. QSR24h je opr\u00e1vnen\u00e9 vzda\u0165 sa pr\u00e1va, aby pr\u00e1vny vz\u0165ah medzi QSR24h a objedn\u00e1vate\u013eom sa riadil pr\u00e1vom Slovenskej republiky ako aj pr\u00e1va aby pr\u00edpadn\u00fd spor bol prejednan\u00fd s\u00fadom Slovenskej republiky. V takomto pr\u00edpade bude spor pr\u00edslu\u0161n\u00fd prejedna\u0165 pr\u00edslu\u0161n\u00fd s\u00fad objedn\u00e1vate\u013ea a na pr\u00e1vne vz\u0165ahy medzi QSR24h a objedn\u00e1vate\u013eom sa bude aplikova\u0165 domovsk\u00e9 pr\u00e1vo klienta.<\/p>\n\n\n\n<p>V pr\u00edpade ak je alebo sa stane niektor\u00e9 z ustanoven\u00ed t\u00fdchto obchodn\u00fdch podmienok neplatn\u00fdm, nie je t\u00fdm dotknut\u00e1 platnos\u0165 ostatn\u00fdch ustanoven\u00ed predmetn\u00e9ho zmluvn\u00e9ho vz\u0165ahu, vr\u00e1tane platnosti ostatn\u00fdch ustanoven\u00ed t\u00fdchto obchodn\u00fdch podmienok, pri\u010dom zmluvn\u00e9 strany vyvin\u00fa primeran\u00e9 \u00fasilie na to, aby tak\u00e9to neplatn\u00e9 ustanovenie nahradili ustanoven\u00edm platn\u00fdm, ktor\u00e9 bude v\u00fdznamom najbli\u017e\u0161ie zodpoveda\u0165 p\u00f4vodn\u00e9mu ustanoveniu.<\/p>\n\n\n\n<p><em>Tieto obchodn\u00e9 podmienky platia v znen\u00ed v akom boli uverejnen\u00e9 na www.localhost v de\u0148 odoslania objedn\u00e1vky objedn\u00e1vate\u013eom, ak nie je zmluvn\u00fdmi stranami dohodnut\u00e9 inak.<\/em><\/p>\n\n\n\n<p class=\"has-text-align-right\"><strong>QSR24h Slovakia s.r.o.<\/strong><br>Bratislava, de\u0148 21.9.2017<\/p>\n","protected":false},"excerpt":{"rendered":"<p>V\u0161eobecn\u00e9 obchodn\u00e9 podmienky QSR24h Slovakia, s.r.o. 1. Platnos\u0165 obchodn\u00fdch podmienok QSR24h Slovakia, s.r.o. (\u010falej ako \u201eQSR24h\u201c) je poskytovate\u013eom komplexn\u00fdch slu\u017eieb v oblasti mana\u017ementu kvality. QSR24h vykon\u00e1va slu\u017eby pod\u013ea objedn\u00e1vky objedn\u00e1vate\u013ea&#8230;<\/p>\n","protected":false},"author":1,"featured_media":0,"parent":470,"menu_order":0,"comment_status":"closed","ping_status":"closed","template":"page-conditions.php","meta":{"footnotes":""},"class_list":["post-494","page","type-page","status-publish","hentry"],"_links":{"self":[{"href":"https:\/\/qsr24h-group.com\/pl\/wp-json\/wp\/v2\/pages\/494","targetHints":{"allow":["GET"]}}],"collection":[{"href":"https:\/\/qsr24h-group.com\/pl\/wp-json\/wp\/v2\/pages"}],"about":[{"href":"https:\/\/qsr24h-group.com\/pl\/wp-json\/wp\/v2\/types\/page"}],"author":[{"embeddable":true,"href":"https:\/\/qsr24h-group.com\/pl\/wp-json\/wp\/v2\/users\/1"}],"replies":[{"embeddable":true,"href":"https:\/\/qsr24h-group.com\/pl\/wp-json\/wp\/v2\/comments?post=494"}],"version-history":[{"count":0,"href":"https:\/\/qsr24h-group.com\/pl\/wp-json\/wp\/v2\/pages\/494\/revisions"}],"up":[{"embeddable":true,"href":"https:\/\/qsr24h-group.com\/pl\/wp-json\/wp\/v2\/pages\/470"}],"wp:attachment":[{"href":"https:\/\/qsr24h-group.com\/pl\/wp-json\/wp\/v2\/media?parent=494"}],"curies":[{"name":"wp","href":"https:\/\/api.w.org\/{rel}","templated":true}]}}