{"id":487,"date":"2023-09-14T11:45:57","date_gmt":"2023-09-14T09:45:57","guid":{"rendered":"https:\/\/qsr24h-group.com\/zasady-i-warunki\/obchodne-podmienky-pre-pl\/"},"modified":"2023-09-14T11:45:57","modified_gmt":"2023-09-14T09:45:57","slug":"obchodne-podmienky-pre-pl","status":"publish","type":"page","link":"https:\/\/qsr24h-group.com\/pl\/zasady-i-warunki\/obchodne-podmienky-pre-pl\/","title":{"rendered":"Obchodn\u00e9 podmienky pre PL"},"content":{"rendered":"\n<h2 class=\"wp-block-heading\">Og\u00f3lne Warunki Handlowe QSR24h Polen 24h Sp. z o.o.<\/h2>\n\n\n\n<h2 class=\"wp-block-heading has-text-align-left\">1&nbsp;&nbsp;&nbsp;&nbsp;&nbsp;&nbsp; Postanowienia og\u00f3lne<\/h2>\n\n\n\n<p>QSR24h Polen Sp. z o. o. (dalej zwana QSR24h) jest dostawc\u0105 us\u0142ug w zakresie kompleksowego zarz\u0105dzania jako\u015bci\u0105. Wszelkie zlecone nam us\u0142ugi wykonujemy na podstawie naszych og\u00f3lnych warunk\u00f3w handlowych.<\/p>\n\n\n\n<p>U\u017cyte w niniejszych Og\u00f3lnych Warunkach Handlowych poj\u0119cia maj\u0105 nast\u0119puj\u0105ce znaczenie:<\/p>\n\n\n\n<p>a)&nbsp;&nbsp;&nbsp;&nbsp;&nbsp;&nbsp; OWH \u2013 niniejsze Og\u00f3lne Warunki Handlowe;<\/p>\n\n\n\n<p class=\"has-text-align-left\">b)&nbsp;&nbsp;&nbsp;&nbsp;&nbsp;&nbsp; Us\u0142uga \u2013 w zale\u017cno\u015bci od ustale\u0144 stron, \u015bwiadczenie udzielane przez QSR24h jako zleceniobiorc\u0119 na rzecz zleceniodawcy, w ramach dzia\u0142alno\u015bci gospodarczej prowadzonej przez QSR24h;<\/p>\n\n\n\n<p>c)&nbsp;&nbsp;&nbsp;&nbsp;&nbsp;&nbsp; Umowa (zwana r\u00f3wnie\u017c zamiennie Zleceniem) \u2013 zlecenie wykonania Us\u0142ugi przez QSR24h na rzecz zleceniodawcy, okre\u015blaj\u0105ce co najmniej przedmiot Umowy, cen\u0119 i warunki wykonania Us\u0142ugi. W przypadku braku umowy ramowej o wsp\u00f3\u0142pracy mi\u0119dzy QSR24h a zleceniodawc\u0105, za odr\u0119bn\u0105 Umow\u0119 uwa\u017ca si\u0119 ka\u017cde zlecenie QSR24h wykonania Us\u0142ug, w formie pisemnej lub elektronicznej, na zasadach okre\u015blonych w niniejszych Og\u00f3lnych Warunkach;<\/p>\n\n\n\n<p>Wraz z podpisaniem formularza umowa o \u015bwiadczeniu us\u0142ug (skr\u00f3t DLV =Dienstleistungsvertrag), zawarcia Umowy w dowolnej formie lub zlecenia wykonania Us\u0142ugi przez QSR24h zleceniodawca o\u015bwiadcza, \u017ce zapozna\u0142 si\u0119 i akceptuje og\u00f3lne warunki handlowe. W szczeg\u00f3lno\u015bci w przypadku z\u0142o\u017cenia oferty zawarcia Umowy przez QSR24 daj\u0105c Zlecenie zleceniodawca akceptuje tre\u015b\u0107 niniejszych OWH. W przypadku z\u0142o\u017cenia oferty zakupu Us\u0142ug przez zleceniodawc\u0119, Umowa zostaje zawarta tylko w razie wyra\u017anego potwierdzenia przyj\u0119cia oferty z\u0142o\u017conego na pi\u015bmie, faksem lub poczt\u0105 elektroniczn\u0105 przez QSR24h zgodnie z zasadami reprezentacji lub przez osoby wyra\u017anie upowa\u017cnione do tego przez zarz\u0105du QSR24h. Z\u0142o\u017cenie oferty zakupu Us\u0142ug jest r\u00f3wnoznaczne z zaakceptowaniem przez zleceniodawc\u0119 wszystkich postanowie\u0144 zawartych w niniejszych OWH. W przypadku jakiejkolwiek zmiany oferty QSR24h lub wprowadzenia do niej zastrze\u017ce\u0144 przez zleceniodawc\u0119, Umowa zostaje zawarta dopiero z chwil\u0105 pisemnego potwierdzenia przez QSR24h przyj\u0119cia zmian lub zastrze\u017ce\u0144 zleceniodawcy, przy czym przedmiotowe potwierdzenie mo\u017ce zosta\u0107 przes\u0142ane drog\u0105 elektroniczn\u0105 przez uprawnion\u0105 po stronie QSR24h osob\u0119.<\/p>\n\n\n\n<p>Postanowienia OWH stosuje si\u0119 od chwili zawarcia Umowy i przez czas trwania ca\u0142ej relacji biznesowej, bez konieczno\u015bci ponownego uzgodnienia. W przypadku ustalenia przez strony w Umowie postanowie\u0144 wy\u0142\u0105czaj\u0105cych lub modyfikuj\u0105cych OWH, postanowienia te wygasaj\u0105 z chwil\u0105 zako\u0144czenia realizacji danej Umowy i nie maj\u0105 zastosowania do innych Um\u00f3w obowi\u0105zuj\u0105cych pomi\u0119dzy stronami.<\/p>\n\n\n\n<p>Niniejsze OWH obowi\u0105zuj\u0105 r\u00f3wnie\u017c w\u00f3wczas, gdy znaj\u0105c sprzeczne lub odmienne od naszych warunk\u00f3w warunki handlowe zleceniodawcy realizujemy bezwarunkowo dostaw\u0119.<\/p>\n\n\n\n<p>Niniejsze OWH i\/lub Umowa s\u0105 jedynymi uregulowaniami umownymi wi\u0105\u017c\u0105cymi strony w zakresie sprzeda\u017cy Us\u0142ug przez QSR24h. Tym samym strony wy\u0142\u0105czaj\u0105 stosowanie innych wzorc\u00f3w umownych (og\u00f3lne warunki umowy, warunki sprzeda\u017cy, regulaminy itp.) w tym wzorc\u00f3w stosowanych i\/lub ustalonych przez zleceniodawc\u0119. Warunki handlowe zleceniodawcy, kt\u00f3re s\u0105 sprzeczne lub odmienne od naszych, wymagaj\u0105 wyra\u017anego uznania na pi\u015bmie przez QSR24h.<\/p>\n\n\n\n<p>Postanowienia niniejszych OWH mog\u0105 by\u0107 zmienione jedynie w formie pisemnej pod rygorem niewa\u017cno\u015bci zmian. Zawarcie odr\u0119bnej Umowy wy\u0142\u0105cza stosowanie niniejszych OWH tylko w zakresie uregulowanym w takiej Umowie w spos\u00f3b odmienny.<\/p>\n\n\n\n<p>Wszelkie porozumienia, zapewnienia, przyrzeczenia, gwarancje i zmiany umowy sk\u0142adane ustnie przez nieuprawnionych pracownik\u00f3w QSR24h w zwi\u0105zku z zawarciem umowy lub zleceniem nie maj\u0105 charakteru wi\u0105\u017c\u0105cego.<\/p>\n\n\n\n<h2 class=\"wp-block-heading\">2&nbsp;&nbsp;&nbsp;&nbsp;&nbsp;&nbsp; Trwanie Umowy, odst\u0105pienie od umowy.<\/h2>\n\n\n\n<p>Z chwil\u0105 udzielenia Zlecenia, zam\u00f3wiona Us\u0142uga zostaje przekazana do realizacji. Wszelkie nieplanowane zmiany dotycz\u0105ce Zlecenia, jak r\u00f3wnie\u017c jego przedwczesne zako\u0144czenie, wymagaj\u0105 opr\u00f3cz ustale\u0144 ustnych (np. rozmowa telefoniczna), pisemnego zawiadomienia QSR24h drog\u0105 mailow\u0105 na adres: info.pl@localhost oraz akceptacji ze strony QSR24h w analogicznej formie. Je\u017celi w toku wykonywania Umowy oka\u017ce si\u0119, \u017ce w celu w\u0142a\u015bciwego jej wykonania konieczne jest wykonanie przez QSR24 dodatkowych dzia\u0142a\u0144 ponad te, kt\u00f3re zosta\u0142y uzgodnione, Strony rozszerz\u0105 przedmiot Us\u0142ugi o te konieczne dzia\u0142ania, jednocze\u015bnie w dobrej wierze przyst\u0119puj\u0105c do negocjacji wynagrodzenia za te dzia\u0142ania. Dodatkowo, w razie braku porozumienia, je\u017celi QSR24h zawieraj\u0105c Umow\u0119 nie wiedzia\u0142 i nie m\u00f3g\u0142 wiedzie\u0107 o okoliczno\u015bciach powoduj\u0105cych konieczno\u015b\u0107 wykonania dodatkowych dzia\u0142a\u0144, QSR24h b\u0119dzie uprawnione do odst\u0105pienia od Umowy. Wed\u0142ug w\u0142asnego uznania QSR24h mo\u017ce tak\u017ce odm\u00f3wi\u0107 dalszego wykonywania Us\u0142ugi, z zachowaniem prawa do wynagrodzenia za dotychczas wykonane prace.<\/p>\n\n\n\n<p>Zleceniodawca zobowi\u0105zany jest do bie\u017c\u0105cego aktualizowania dokument\u00f3w i informacji dotycz\u0105cych prowadzonej dzia\u0142alno\u015bci gospodarczej oraz informowania QSR24h o ka\u017cdej okoliczno\u015bci maj\u0105cej istotny wp\u0142yw na sytuacj\u0119 finansow\u0105 zleceniodawcy.<\/p>\n\n\n\n<h2 class=\"wp-block-heading\">3&nbsp;&nbsp;&nbsp;&nbsp;&nbsp;&nbsp; P\u0142atno\u015bci, zg\u0142oszenie zastrze\u017ce\u0144.<\/h2>\n\n\n\n<p>Rozliczenie ze zleceniodawc\u0105 odbywa si\u0119 na podstawie zawartej Umowy. Koszty przestoj\u00f3w&nbsp; zwi\u0105zanych z awari\u0105 maszyn i urz\u0105dze\u0144, dostarczeniem cz\u0119\u015bci lub inne op\u00f3\u017anienia, kt\u00f3re nie wynik\u0142y z przyczyn le\u017c\u0105cych po stronie QSR24h ponosi zleceniodawca. P\u0142atno\u015bci za wykonane us\u0142ugi nale\u017cy dokona\u0107 w terminie 14 dni od daty wystawienia faktury bez potr\u0105ce\u0144, o ile w Umowie nie stwierdzono inaczej. Po tym okresie, QSR24h zastrzega sobie prawo do naliczenia ustawowych odsetek za op\u00f3\u017anienie w transakcjach handlowych lub innych odsetek je\u017celi zosta\u0142y one okre\u015blone w Umowie, i obci\u0105\u017cenia tymi kosztami zleceniodawc\u0119. Prawo do dochodzenia innych roszcze\u0144 pozostaje nienaruszone. W przypadku zad\u0142u\u017cenia zleceniodawcy wobec QSR24h, p\u0142atno\u015bci za bie\u017c\u0105ce zobowi\u0105zania zostan\u0105 zaliczone na poczet wcze\u015bniejszych zad\u0142u\u017ce\u0144 wraz z odsetkami i innymi nale\u017cno\u015bciami wynikaj\u0105cymi z op\u00f3\u017anienia w zap\u0142acie, bez wzgl\u0119du na inaczej brzmi\u0105ce warunki handlowe zleceniodawcy. Zleceniodawca zostanie poinformowany o sposobie rozliczenia zap\u0142aty. Je\u015bli zleceniodawcy zostan\u0105 naliczone odsetki za nieterminow\u0105 p\u0142atno\u015b\u0107, zap\u0142ata zostanie rozliczona w nast\u0119puj\u0105cy spos\u00f3b: w pierwszej kolejno\u015bci pokryte zostan\u0105 nale\u017cne odsetki, reszta zostanie zakwalifikowana jako pokrycie kwoty g\u0142\u00f3wnej nale\u017cno\u015bci. Za dat\u0119 zap\u0142aty za wystawion\u0105 faktur\u0119 uwa\u017ca si\u0119 dat\u0119 wp\u0142ywu \u015brodk\u00f3w na konto bankowe QS24h. Przy d\u0142ugotrwa\u0142ych lub wielko wolumenowych zleceniach QSR24h zastrzega sobie prawo do wystawienia faktury po jednym tygodniu trwania zlecenia i za ka\u017cdy kolejny tydzie\u0144 trwania zlecenia. Je\u015bli zleceniodawca w ci\u0105gu 4 dni roboczych od daty otrzymania faktury nie wniesie pisemnych zastrze\u017ce\u0144, uwag czy reklamacji co do jej tre\u015bci oraz rozliczenia finansowego uznaje si\u0119, \u017ce zleceniodawca akceptuje i zatwierdza wynikaj\u0105ce z faktury zobowi\u0105zanie. Po tym terminie wszelkie uwagi, zastrze\u017cenia i reklamacje nie b\u0119d\u0105 rozpatrywane. W przypadku wyst\u0105pienia u zleceniodawcy znacznego pogorszenia sytuacji ekonomicznej lub uzyskania informacji, \u017ce nasze roszczenia finansowe by\u0142y ju\u017c zagro\u017cone w momencie zawarcia Umowy, QSR24h ma prawo do odst\u0105pienia od um\u00f3wionych termin\u00f3w p\u0142atno\u015bci i za\u017c\u0105dania natychmiastowego uregulowania wszystkich otwartych p\u0142atno\u015bci. Niniejsza regulacja dotyczy r\u00f3wnie\u017c sytuacji, gdy pojedyncza faktura by\u0142a co najmniej dwukrotnie i bezskutecznie monitowana.&nbsp;<\/p>\n\n\n\n<p>P\u0142atnikiem wynagrodzenia przys\u0142uguj\u0105cego Przewo\u017anikowi b\u0119dzie ka\u017cdorazowo bezpo\u015brednio Zleceniodawca okre\u015blony w Zleceniu. Wszystkie uzgodnione ceny i kwoty s\u0105 cenami netto, do kt\u00f3rych doliczy\u0107 doliczony b\u0119dzie podatek od towar\u00f3w i us\u0142ug wed\u0142ug stawek obowi\u0105zuj\u0105cych w dniu wystawienia przez QSR24h faktury VAT.<\/p>\n\n\n\n<p>Wszystkie ceny s\u0105 wyra\u017cone w polskich z\u0142otych, chyba \u017ce z Umowy wynika co innego. W wypadku wyra\u017cenia ceny netto w walucie obcej, zar\u00f3wno cena jak i doliczony do niej podatek od towar\u00f3w i us\u0142ug, je\u017celi b\u0119dzie mia\u0142 zastosowanie, nale\u017cne s\u0105 QSR24h r\u00f3wnie\u017c w walucie obcej.<\/p>\n\n\n\n<p>W braku odmiennych ustale\u0144 zleceniodawca zap\u0142aci nale\u017cno\u015bci z tytu\u0142u dostawy Us\u0142ug na zasadzie przedp\u0142aty przed wykonaniem Us\u0142ugi, pod rygorem odmowy wykonania Us\u0142ugi przez QSR24h, na ryzyko i odpowiedzialno\u015b\u0107 zleceniodawcy.<\/p>\n\n\n\n<p>Je\u017celi p\u0142atno\u015b\u0107 z tytu\u0142u Umowy rozdzielona jest na cz\u0119\u015bci, w przypadku nieuregulowania przez zleceniodawc\u0119 kt\u00f3rejkolwiek z p\u0142atno\u015bci, w ca\u0142o\u015bci lub w cz\u0119\u015bci, QSR24h, ma prawo anulowa\u0107 Zlecenie i wstrzyma\u0107 dalsze \u015bwiadczenie Us\u0142ug do czasu uiszczenia wymagalnych nale\u017cno\u015bci przez zleceniodawc\u0119 i zaakceptowanego przez QSR24h zabezpieczenia przez zleceniodawc\u0119 dalszych p\u0142atno\u015bci.<\/p>\n\n\n\n<p>Zleceniodawca mo\u017ce dokona\u0107 potr\u0105cenia swojej wierzytelno\u015bci z wierzytelno\u015bci\u0105 QSR24h jak i cesji takiej wierzytelno\u015bci tylko za uprzedni\u0105 pisemn\u0105 zgod\u0105 QSR24h.&nbsp;&nbsp;&nbsp;&nbsp;&nbsp;<\/p>\n\n\n\n<h2 class=\"wp-block-heading\">4&nbsp;&nbsp;&nbsp;&nbsp;&nbsp;&nbsp; Nieterminowo\u015b\u0107 w wykonaniu us\u0142ugi, odpowiedzialno\u015b\u0107, gwarancja.<\/h2>\n\n\n\n<p>QSR24h realizuje zlecone us\u0142ugi rzetelnie w czasie wynikaj\u0105cym z Umowy. QSR24h nie odpowiada za przerwy i op\u00f3\u017anienia w realizacji Us\u0142ug spowodowane okoliczno\u015bciami, na kt\u00f3re QSR24h nie mia\u0142 wp\u0142ywu, w tym w szczeg\u00f3lno\u015bci: strajkami, zdarzeniami losowymi, utrudnieniami w ruchu drogowym, utrudnieniami wynikaj\u0105cymi z nag\u0142ych i lub nieprzewidywalnych przepis\u00f3w o ochronie \u015brodowiska, w czasie trwania kl\u0119sk \u017cywio\u0142owych, epidemii, dzia\u0142a\u0144 wojennych lub innych akt\u00f3w przemocy, kt\u00f3re utrudniaj\u0105 utrzymanie w\u0142a\u015bciwej wydajno\u015bci i czasu realizacji zleconej Us\u0142ugi. Wyklucza si\u0119 w takich przypadkach odpowiedzialno\u015b\u0107 w odniesieniu do roszcze\u0144 odszkodowawczych bez wzgl\u0119du na natur\u0119 prawn\u0105 wnoszonego roszczenia. Odpowiedzialno\u015b\u0107 odszkodowawcza QSR24h z tytu\u0142u niewykonania lub niew\u0142a\u015bciwego wykonania Umowy ograniczona jest do warto\u015bci danej Umowy. QSR24h ponosi odpowiedzialno\u015b\u0107 w zakresie szkody bezpo\u015bredniej, nie odpowiada za szkody po\u015brednie, w tym utracone korzy\u015bci.<\/p>\n\n\n\n<p>Wszelkie roszczenia gwarancyjne nale\u017cy pisemnie zg\u0142asza\u0107 bezpo\u015brednio do QSR24h. Podlegaj\u0105 one prawu do naprawy, wymiany lub innemu sposobowi usuni\u0119cia nieprawid\u0142owo\u015bci, wed\u0142ug uznania QSR24h. Roszczenia z tytu\u0142u gwarancji wobec QSR24h przys\u0142uguj\u0105 tylko zleceniodawcy zlecaj\u0105cemu us\u0142ug\u0119 i nie s\u0105 zbywalne. QSR24h nie ponosi odpowiedzialno\u015bci za szkody wynikaj\u0105ce z realizacji zlece\u0144, o ile nie by\u0142y one wynikiem ra\u017c\u0105cego niedbalstwa lub dzia\u0142ania umy\u015blnego. Roszczenia reklamacyjne nale\u017cy z\u0142o\u017cy\u0107 w ci\u0105gu 14 dni od stwierdzenia nieprawid\u0142owo\u015bci. Zleceniodawca zobowi\u0105zany jest do bie\u017c\u0105cej weryfikacji prawid\u0142owo\u015bci wykonywania Us\u0142ug, a tak\u017ce odbioru Us\u0142ug po ich wykonaniu. W przypadku zg\u0142oszenia reklamacji Us\u0142ugi, zleceniodawca ma obowi\u0105zek w ka\u017cdym czasie udost\u0119pni\u0107 QSR24h przedmioty, kt\u00f3rych dotyczy\u0142a Us\u0142uga, w celu weryfikacji zasadno\u015bci reklamacji. Wadliwe wykonanie cz\u0119\u015bci Us\u0142ugi nie uprawniaj\u0105 do reklamowania ca\u0142o\u015bci Us\u0142ugi. Reklamacja nie zostanie uznana, je\u017celi produkt lub towar, kt\u00f3rego dotyczy\u0142a us\u0142uga, zosta\u0142 zmieniony lub przerobiony przez zleceniodawc\u0119 lub osob\u0119 trzeci\u0105. Z\u0142o\u017cenie reklamacji co do Us\u0142ugi nie uprawnia zleceniodawcy do wstrzymywania p\u0142atno\u015bci z tytu\u0142u Umowy. Wy\u0142\u0105czona jest odpowiedzialno\u015b\u0107 QSR24h z tytu\u0142u r\u0119kojmi za wady.<\/p>\n\n\n\n<h2 class=\"wp-block-heading\">5&nbsp;&nbsp;&nbsp;&nbsp;&nbsp;&nbsp; Ochrona pracy, bezpiecze\u0144stwo pracy, ochrony \u015brodowiska.<\/h2>\n\n\n\n<p>Dzia\u0142alno\u015b\u0107 pracownika lub osoby wsp\u00f3\u0142pracuj\u0105cej z QSR24h podlega odpowiednio przepisom prawa pracy lub przepisom kodeksu cywilnego i za przestrzeganie wynikaj\u0105cych z nich obowi\u0105zk\u00f3w w zakresie bezpiecze\u0144stwa i higieny pracy w miejscu wykonywania Us\u0142ugi odpowiedzialny jest zleceniodawca bez obci\u0105\u017ce\u0144 dla QSR24h. Zleceniodawca ma obowi\u0105zek zapewni\u0107, \u017ce miejsce wykonywania Us\u0142ugi spe\u0142nia wymagania przepis\u00f3w dotycz\u0105cych prawa pracy, BHP oraz ppo\u017c. Zleceniodawca zapewnia r\u00f3wnie\u017c sprz\u0119t i \u015brodki pierwszej pomocy wymagane przepisami. Zleceniodawca ma obowi\u0105zek poinformowa\u0107 pracownik\u00f3w oraz zleceniobiorc\u00f3w QSR24h o poszczeg\u00f3lnych zagro\u017ceniach wyst\u0119puj\u0105cych w miejscu realizacji Zlecenia przed rozpocz\u0119ciem pracy. W przypadku pracownik\u00f3w i zleceniobiorc\u00f3w zatrudnionych przy realizacji Us\u0142ug, przy kt\u00f3rych mog\u0105 wyst\u0105pi\u0107 zagro\u017cenia chemiczne, fizyczne lub biologiczne, nara\u017cenie na szkodliwe dzia\u0142ania zgodnie z BGV 4 lub innych bezwzgl\u0119dnie obowi\u0105zuj\u0105cych przepis\u00f3w prawa, zleceniodawca musi wykona\u0107 przed rozpocz\u0119ciem wykonywania us\u0142ugi prewencyjne badanie lekarskie. W przypadku wyst\u0105pienia wypadku przy pracy zleceniodawca ma obowi\u0105zek zg\u0142osi\u0107 ten fakt bezzw\u0142ocznie QSR24h. Zleceniodawca musi zapewni\u0107 ka\u017cdemu pracownikowi, zleceniobiorcy QSR24h, kt\u00f3ry wykonuje zlecon\u0105 Us\u0142ug\u0119 u zleceniodawcy lub w jego imieniu, wymagane szkolenia poprzez odpowiednio uprawnione kom\u00f3rki. W\/w szkolenia musz\u0105 zosta\u0107 odpowiednio udokumentowane, a dow\u00f3d ich przeprowadzenia odpowiednio przechowywany.<\/p>\n\n\n\n<h2 class=\"wp-block-heading\">6&nbsp;&nbsp;&nbsp;&nbsp;&nbsp;&nbsp; Postanowienia ko\u0144cowe<\/h2>\n\n\n\n<p>Stosunek prawny pomi\u0119dzy zleceniodawc\u0105 a QSR24h reguluje ustawodawstwo Rzeczypospolitej Polskiej. W razie braku mo\u017cliwo\u015bci ugodowego rozwi\u0105zania sporu, s\u0105dem w\u0142a\u015bciwym dla jego rozstrzygni\u0119cia jest w\u0142a\u015bciwy rzeczowo s\u0105d w Poznaniu. Je\u015bli kt\u00f3rekolwiek z postanowie\u0144 niniejszych OWH jest lub stanie si\u0119 niewa\u017cne, wa\u017cno\u015b\u0107 OWH w pozosta\u0142ym zakresie oraz samej Umowy pozostaje bez zmian. Uniewa\u017cniony lub zmieniony przepis zast\u0119puje si\u0119 innym powo\u0142anym w jego miejsce, zgodnym z pierwotn\u0105 intencj\u0105 stron.<\/p>\n\n\n\n<p>Strony Umowy zobowi\u0105zane s\u0105 do zachowania w tajemnicy wszelkich informacji zwi\u0105zanych z wykonaniem Umowy, w tym dotycz\u0105cych know-how oraz cen. Ograniczenie to nie dotyczy informacji og\u00f3lnie dost\u0119pnych lub informacji, kt\u00f3re musz\u0105 zosta\u0107 przez stron\u0119 ujawnione na wniosek w\u0142a\u015bciwego organu pa\u0144stwowego na podstawie przepis\u00f3w bezwzgl\u0119dnie obowi\u0105zuj\u0105cych.<\/p>\n\n\n\n<p>Zachowanie tajemnicy b\u0119dzie przestrzegane przez strony tak\u017ce po zako\u0144czeniu obowi\u0105zywania Umowy, bez wzgl\u0119du na przyczyn\u0119 jego zako\u0144czenia.<\/p>\n\n\n\n<p>QSR Polen 24h Sp. z o.o.<\/p>\n\n\n\n<p>Pozna\u0144, 09.09.2020<\/p>\n","protected":false},"excerpt":{"rendered":"<p>Og\u00f3lne Warunki Handlowe QSR24h Polen 24h Sp. z o.o. 1&nbsp;&nbsp;&nbsp;&nbsp;&nbsp;&nbsp; Postanowienia og\u00f3lne QSR24h Polen Sp. z o. o. (dalej zwana QSR24h) jest dostawc\u0105 us\u0142ug w zakresie kompleksowego zarz\u0105dzania jako\u015bci\u0105. Wszelkie&#8230;<\/p>\n","protected":false},"author":1,"featured_media":0,"parent":470,"menu_order":0,"comment_status":"closed","ping_status":"closed","template":"page-conditions.php","meta":{"footnotes":""},"class_list":["post-487","page","type-page","status-publish","hentry"],"_links":{"self":[{"href":"https:\/\/qsr24h-group.com\/pl\/wp-json\/wp\/v2\/pages\/487","targetHints":{"allow":["GET"]}}],"collection":[{"href":"https:\/\/qsr24h-group.com\/pl\/wp-json\/wp\/v2\/pages"}],"about":[{"href":"https:\/\/qsr24h-group.com\/pl\/wp-json\/wp\/v2\/types\/page"}],"author":[{"embeddable":true,"href":"https:\/\/qsr24h-group.com\/pl\/wp-json\/wp\/v2\/users\/1"}],"replies":[{"embeddable":true,"href":"https:\/\/qsr24h-group.com\/pl\/wp-json\/wp\/v2\/comments?post=487"}],"version-history":[{"count":0,"href":"https:\/\/qsr24h-group.com\/pl\/wp-json\/wp\/v2\/pages\/487\/revisions"}],"up":[{"embeddable":true,"href":"https:\/\/qsr24h-group.com\/pl\/wp-json\/wp\/v2\/pages\/470"}],"wp:attachment":[{"href":"https:\/\/qsr24h-group.com\/pl\/wp-json\/wp\/v2\/media?parent=487"}],"curies":[{"name":"wp","href":"https:\/\/api.w.org\/{rel}","templated":true}]}}