{"id":567,"date":"2023-09-14T11:24:50","date_gmt":"2023-09-14T09:24:50","guid":{"rendered":"https:\/\/qsr24h-group.com\/social-responsibility\/"},"modified":"2023-09-14T15:01:51","modified_gmt":"2023-09-14T13:01:51","slug":"felelossegvallalas","status":"publish","type":"page","link":"https:\/\/qsr24h-group.com\/hu\/felelossegvallalas\/","title":{"rendered":"Felel\u0151ss\u00e9gv\u00e1llal\u00e1s"},"content":{"rendered":"\n<h2 class=\"wp-block-heading\" id=\"politika-integrovaneho-systemu-manazerstva-kvality-bezpecnosti-a-ochrany-zdravia-pri-praci-a-ochrany-zivotneho-prostredia\"><strong>Integr\u00e1lt min\u0151s\u00e9g-, munkahelyi eg\u00e9szs\u00e9gv\u00e9delmi \u00e9s biztons\u00e1gi, valamint k\u00f6rnyezetv\u00e9delmi ir\u00e1ny\u00edt\u00e1si rendszerpolitika<\/strong><\/h2>\n\n\n\n<div class=\"wp-block-group\"><div class=\"wp-block-group__inner-container is-layout-flow wp-block-group-is-layout-flow\">\n<p id=\"vedenie-qsr24h-sa-so-svojimi-pracovnikmi-v-ramci-systemu-integrovaneho-manazerstva-zavazuje-zabezpecit\" style=\"font-size:14px\"><strong>A QSR24h vezet\u0151s\u00e9ge elk\u00f6telezett amellett, hogy az integr\u00e1lt ir\u00e1ny\u00edt\u00e1si rendszer keretein bel\u00fcl munkat\u00e1rsaival egy\u00fctt biztos\u00edtsa:<\/strong>    <\/p>\n<\/div><\/div>\n\n\n\n<p><\/p>\n\n\n\n<ul class=\"wp-block-list\">\n<li>Az ir\u00e1ny\u00edt\u00e1si rendszer k\u00f6vetelm\u00e9nyeinek integr\u00e1l\u00e1s\u00e1t \u00e9s betart\u00e1s\u00e1t a szervezet \u00fczleti folyamataiban.<\/li>\n\n\n\n<li>Az alkalmazand\u00f3 t\u00f6rv\u00e9nyeknek, rendeleteknek \u00e9s szabv\u00e1nyoknak val\u00f3 megfelel\u0151s\u00e9get.<\/li>\n\n\n\n<li>Az IMS fejleszt\u00e9s\u00e9t a szervezeten bel\u00fcl, valamint a fenntart\u00e1s\u00e1hoz \u00e9s folyamatos fejleszt\u00e9s\u00e9hez sz\u00fcks\u00e9ges er\u0151forr\u00e1sok megteremt\u00e9s\u00e9t.<\/li>\n<\/ul>\n\n\n\n<h2 class=\"wp-block-heading\"><\/h2>\n\n\n\n<h2 class=\"wp-block-heading has-text-color\" id=\"ferovost-bezpecnost-a-kvalita-su-zakladmi-nasej-spolocnosti\" style=\"color:#007a60\"><strong>V\u00e1llalatunk alapj\u00e1t a TISZTESS\u00c9G, a BIZTONS\u00c1G \u00e9s a MIN\u0150S\u00c9G k\u00e9pezi.<\/strong><\/h2>\n\n\n\n<p id=\"pre-dlhodoby-rozvoj-spoluprace-so-zainteresovanymi-stranami-sa-pre-trvale-zlepsovanie-kvality-dodavanych-sluzieb-zavazujeme\" style=\"font-size:14px\"><strong>Az \u00e9rdekelt felekkel val\u00f3 egy\u00fcttm\u0171k\u00f6d\u00e9s hossz\u00fa t\u00e1v\u00fa fejleszt\u00e9se \u00e9rdek\u00e9ben elk\u00f6telezettek vagyunk a ny\u00fajtott szolg\u00e1ltat\u00e1sok min\u0151s\u00e9g\u00e9nek folyamatos jav\u00edt\u00e1sa mellett:<\/strong><\/p>\n\n\n\n<ul class=\"wp-block-list\">\n<li>Biztos\u00edtani a megb\u00edz\u00e1s z\u00f6kken\u0151mentes m\u0171k\u00f6d\u00e9s\u00e9t, egys\u00e9ges\u00edteni a folyamatokat \u00e9s megel\u0151zni a hib\u00e1kat.<\/li>\n\n\n\n<li>Viselked\u00e9s\u00fcnkkel ki\u00e9rdemelni a bizalmat \u00e9s az elismer\u00e9st.<\/li>\n\n\n\n<li>\u00daj technol\u00f3gi\u00e1kat alkalmazni, folyamatainkat korszer\u0171s\u00edteni \u00e9s racionaliz\u00e1lni..<\/li>\n\n\n\n<li>Az \u00e9rdekelt felek ig\u00e9nyeit figyelemmel k\u00eds\u00e9rni az \u00fcgyf\u00e9lk\u00f6vetelm\u00e9nyek teljes\u00edt\u00e9se, a folyamatok jav\u00edt\u00e1sa, a c\u00e9lkit\u0171z\u00e9sek meghat\u00e1roz\u00e1sa \u00e9s teljes\u00edt\u00e9se \u00e9s \u00e9rt\u00e9kel\u00e9se \u00e9rdek\u00e9ben.<\/li>\n\n\n\n<li>Megel\u0151z\u0151en \u00e9s felel\u0151ss\u00e9gteljesen j\u00e1rni el a k\u00f6rnyezet \u00e9s munkat\u00e1rsaink eg\u00e9szs\u00e9g\u00e9nek v\u00e9delme \u00e9rdek\u00e9ben.<\/li>\n\n\n\n<li>Minimaliz\u00e1lni a kock\u00e1zatokat, kik\u00fcsz\u00f6b\u00f6lni a vesz\u00e9lyeket \u00e9s a tev\u00e9kenys\u00e9geink negat\u00edv hat\u00e1sait.<\/li>\n\n\n\n<li>Cs\u00f6kkenteni a hullad\u00e9k \u00e9s az energiafogyaszt\u00e1s m\u00e9rt\u00e9k\u00e9t.<\/li>\n\n\n\n<li>N\u00f6velni munkat\u00e1rsaink tudatoss\u00e1g\u00e1t, megteremteni sz\u00e1mukra a biztons\u00e1gos \u00e9s eg\u00e9szs\u00e9ges munkak\u00f6r\u00fclm\u00e9nyeket, \u00e9s teret biztos\u00edtani a visszajelz\u00e9seknek.<\/li>\n<\/ul>\n\n\n\n<h2 class=\"wp-block-heading\"><\/h2>\n\n\n\n<h2 class=\"wp-block-heading\" id=\"kodex-spravania-qsr24h\">QSR24h magatart\u00e1si szab\u00e1lyzat<\/h2>\n\n\n<div class=\"custom-gutenberg-file\"><span><\/span><a href=\"https:\/\/qsr24h-group.com\/wp-content\/uploads\/2023\/09\/Code-of-Conduct-QSR24h_20200309.docx\" title=\"Stiahnu\u0165\" download=\"\"><\/a><p><a href=\"https:\/\/qsr24h-group.com\/wp-content\/uploads\/2023\/09\/Code-of-Conduct-QSR24h_20200309.docx\">\nCode-of-Conduct-QSR24h_20200309<\/a><\/p><\/div>\n\n\n<h2 class=\"wp-block-heading\" id=\"kodex-spravania-qsr24h\">Fenntarthat\u00f3s\u00e1gi szabv\u00e1nyok a besz\u00e1ll\u00edt\u00f3k sz\u00e1m\u00e1ra<\/h2>\n\n\n<div class=\"custom-gutenberg-file\"><span><\/span><a href=\"https:\/\/qsr24h-group.com\/wp-content\/uploads\/2023\/09\/Supplier-Sustainability-Standards-QSR24h_20200309_SK.docx\" title=\"Stiahnu\u0165\" download=\"\"><\/a><p><a href=\"https:\/\/qsr24h-group.com\/wp-content\/uploads\/2023\/09\/Supplier-Sustainability-Standards-QSR24h_20200309_SK.docx\">\nSupplier-Sustainability-Standards-QSR24h_20200309_SK<\/a><\/p><\/div>\n\n\n<h2 class=\"wp-block-heading\" id=\"kodex-spravania-qsr24h\">Biztons\u00e1gi politika<\/h2>\n\n\n<div class=\"custom-gutenberg-file\"><span><\/span><a href=\"https:\/\/qsr24h-group.com\/wp-content\/uploads\/2023\/09\/TISAX_012_ISMS-Politik.pdf\" title=\"Stiahnu\u0165\" download=\"\"><\/a><p><a href=\"https:\/\/qsr24h-group.com\/wp-content\/uploads\/2023\/09\/TISAX_012_ISMS-Politik.pdf\">\nTISAX_012_ISMS-Politik<\/a><\/p><\/div>","protected":false},"excerpt":{"rendered":"<p>Integr\u00e1lt min\u0151s\u00e9g-, munkahelyi eg\u00e9szs\u00e9gv\u00e9delmi \u00e9s biztons\u00e1gi, valamint k\u00f6rnyezetv\u00e9delmi ir\u00e1ny\u00edt\u00e1si rendszerpolitika A QSR24h vezet\u0151s\u00e9ge elk\u00f6telezett amellett, hogy az integr\u00e1lt ir\u00e1ny\u00edt\u00e1si rendszer keretein bel\u00fcl munkat\u00e1rsaival egy\u00fctt biztos\u00edtsa: V\u00e1llalatunk alapj\u00e1t a TISZTESS\u00c9G, a&#8230;<\/p>\n","protected":false},"author":1,"featured_media":321,"parent":0,"menu_order":0,"comment_status":"closed","ping_status":"closed","template":"","meta":{"footnotes":""},"class_list":["post-567","page","type-page","status-publish","has-post-thumbnail","hentry"],"_links":{"self":[{"href":"https:\/\/qsr24h-group.com\/hu\/wp-json\/wp\/v2\/pages\/567","targetHints":{"allow":["GET"]}}],"collection":[{"href":"https:\/\/qsr24h-group.com\/hu\/wp-json\/wp\/v2\/pages"}],"about":[{"href":"https:\/\/qsr24h-group.com\/hu\/wp-json\/wp\/v2\/types\/page"}],"author":[{"embeddable":true,"href":"https:\/\/qsr24h-group.com\/hu\/wp-json\/wp\/v2\/users\/1"}],"replies":[{"embeddable":true,"href":"https:\/\/qsr24h-group.com\/hu\/wp-json\/wp\/v2\/comments?post=567"}],"version-history":[{"count":1,"href":"https:\/\/qsr24h-group.com\/hu\/wp-json\/wp\/v2\/pages\/567\/revisions"}],"predecessor-version":[{"id":573,"href":"https:\/\/qsr24h-group.com\/hu\/wp-json\/wp\/v2\/pages\/567\/revisions\/573"}],"wp:featuredmedia":[{"embeddable":true,"href":"https:\/\/qsr24h-group.com\/hu\/wp-json\/wp\/v2\/media\/321"}],"wp:attachment":[{"href":"https:\/\/qsr24h-group.com\/hu\/wp-json\/wp\/v2\/media?parent=567"}],"curies":[{"name":"wp","href":"https:\/\/api.w.org\/{rel}","templated":true}]}}