{"id":513,"date":"2023-09-14T11:38:10","date_gmt":"2023-09-14T09:38:10","guid":{"rendered":"https:\/\/qsr24h-group.com\/profil-firmy\/"},"modified":"2023-09-14T14:29:38","modified_gmt":"2023-09-14T12:29:38","slug":"cegprofil","status":"publish","type":"page","link":"https:\/\/qsr24h-group.com\/hu\/cegprofil\/","title":{"rendered":"C\u00e9gprofil"},"content":{"rendered":"\n<h1 class=\"wp-block-heading has-text-align-center\" id=\"qsr24hzelena-pre-kvalitu\"><strong>QSR24h<\/strong><br>Z\u00f6ld a min\u0151s\u00e9gnek<\/h1>\n\n\n\n<div class=\"wp-block-columns is-layout-flex wp-container-core-columns-is-layout-9d6595d7 wp-block-columns-is-layout-flex\">\n<div class=\"wp-block-column is-layout-flow wp-block-column-is-layout-flow\">\n<h2 class=\"wp-block-heading\" id=\"uvod-a-historia\">BEVEZET\u00c9S \u00c9S T\u00d6RT\u00c9NET<\/h2>\n\n\n\n<p>A QSR24h gy\u00f6kerei N\u00e9metorsz\u00e1gban vannak. 2006 \u00f3ta ny\u00fajtunk szolg\u00e1ltat\u00e1sokat az aut\u00f3ipari besz\u00e1ll\u00edt\u00f3knak a Cseh K\u00f6zt\u00e1rsas\u00e1gban, Magyarorsz\u00e1gon, Lengyelorsz\u00e1gban \u00e9s Szlov\u00e1ki\u00e1ban m\u0171k\u00f6d\u0151 fi\u00f3kh\u00e1l\u00f3zatunkban. <\/p>\n\n\n\n<p>Tapasztalt szakemberek vagyunk. A tisztess\u00e9g, a biztons\u00e1g \u00e9s a min\u0151s\u00e9g v\u00e1llalatunk alapjai. Gyorsan \u00e9s hat\u00e9konyan kik\u00fcsz\u00f6b\u00f6lj\u00fck a min\u0151s\u00e9gi hib\u00e1kat mind az \u00d6n telephely\u00e9n, mind k\u00f6zvetlen\u00fcl az \u00fcgyf\u00e9l telephely\u00e9n, \u00e9s megold\u00e1sokat javasolunk azok megel\u0151z\u00e9s\u00e9re. Fontos sz\u00e1munkra az \u00d6nnel val\u00f3 szem\u00e9lyes kapcsolat.    <\/p>\n\n\n\n<p>Az ISO 9001, ISO 14001 \u00e9s ISO 45001 tan\u00fas\u00edtv\u00e1nyaink alapj\u00e1n \u00e1tfog\u00f3 min\u0151s\u00e9gbiztos\u00edt\u00e1si, folyamat- \u00e9s m\u00e9rn\u00f6ki tev\u00e9kenys\u00e9get folytatunk.<\/p>\n\n\n\n<p><strong>\u2022 2005 QSR24h Hungary, Kft Gy\u0151rben \/ Magyarorsz\u00e1g<\/strong><\/p>\n\n\n\n<p><strong>\u2022 2006 QS- 2006 QSR24h Slovakia, s.r.o. Pozsony \/ Szlov\u00e1kia<\/strong><\/p>\n\n\n\n<p>\u2022 <strong>2006 QSR24h Polen in Walbrzych \/ Lengyelorsz\u00e1g<\/strong><\/p>\n\n\n\n<p>\u2022 2007 QSR24h tan\u00fas\u00edt\u00e1s DIN EN ISO 9001:2000 szerint<\/p>\n\n\n\n<p>\u2022 <strong>2010 QSR24h Czech, s.r.o. Mlad\u00e1 Boleslavban, Cseh K\u00f6zt\u00e1rsas\u00e1gban<\/strong><\/p>\n\n\n\n<p>\u2022 2012 telephely Kecskem\u00e9t<\/p>\n\n\n\n<p>\u2022 2016 telephely B\u0159eclav \/ Cseh K\u00f6zt\u00e1rsas\u00e1g<\/p>\n\n\n\n<p>\u2022 2012 Warenfilter Audi Gy\u0151r \/ Magyarorsz\u00e1g<\/p>\n\n\n\n<p>\u2022 2016 Telephely Pozna\u0144 \/ Lengyelorsz\u00e1g<\/p>\n\n\n\n<p class=\"has-text-align-left\">\u2022 2018 QSR24h tan\u00fas\u00edt\u00e1s ISO 9001:2015, ISO 45001:2015, ISO14001:2018 szerint<\/p>\n\n\n\n<p>\u2022 2019 Telephely \u017diar nad Hronom \/ Szlov\u00e1kia<\/p>\n\n\n\n<p>\u2022 2019 Telephely Hyundai No\u0161ovice \/ Cseh K\u00f6zt\u00e1rsas\u00e1g<\/p>\n\n\n\n<p>\u2022 2020 Warenfilter Volkswagen Pozna\u0144 \/ Lengyelorsz\u00e1g<\/p>\n\n\n\n<p>\u2022 2021 Warenfilter \u0160koda Auto Mlad\u00e1 Boleslav a Kvasiny \/ Cseh K\u00f6zt\u00e1rsas\u00e1g <\/p>\n\n\n\n<p>\u2022 2022 TISAX tan\u00fas\u00edt\u00e1s<\/p>\n<\/div>\n\n\n\n<div class=\"wp-block-column is-layout-flow wp-block-column-is-layout-flow\">\n<h2 class=\"wp-block-heading\" id=\"dovody-pre-spolupracu-s-qsr24h\">A QSR24H-VAL VAL\u00d3 EGY\u00dcTTM\u0170K\u00d6D\u00c9S OKAI<\/h2>\n\n\n\n<p><strong>24 \u00d3R\u00c1BAN \u00c9S AZ \u00c9V 365 NAPJ\u00c1N<\/strong><\/p>\n\n\n\n<p>A nev\u00fcnk mindent elmond. Eg\u00e9sz nap az \u00d6n rendelkez\u00e9s\u00e9re \u00e1llunk. Mindig k\u00e9szen \u00e1llunk arra, hogy az \u00d6n k\u00e9nyelme \u00e9s el\u00e9gedetts\u00e9ge \u00e9rdek\u00e9ben megoldjuk a technikai probl\u00e9m\u00e1kat.<\/p>\n\n\n\n<p><strong>NAGY L\u00c9TSZ\u00c1M\u00da \u00c9S RUGALMAS MUNKAER\u0150<\/strong><\/p>\n\n\n\n<p>Eur\u00f3pa-szerte t\u00f6bb, mint 500 alkalmazottunk van, akiket biztos\u00edtani tudunk. A megrendel\u00e9seket szakszer\u0171en \u00e9s prec\u00edzen hajtj\u00e1k v\u00e9gre.<\/p>\n\n\n\n<p><strong>K\u00c9PZETT SZEM\u00c9LYZET<\/strong><\/p>\n\n\n\n<p>Munkat\u00e1rsainkat rendszeresen k\u00e9pzik az auditorok. Alapfeladatk\u00e9nt k\u00e9pz\u00e9st kapnak v\u00e1llalatunk \u00e1ltal\u00e1nos szab\u00e1lyair\u00f3l, az egyes \u00fczemek biztons\u00e1gi szab\u00e1lyair\u00f3l, az 5S-r\u0151l, a VDA alapjair\u00f3l \u00e9s sok m\u00e1sr\u00f3l.<\/p>\n\n\n\n<p><strong>R\u00c9SZLETESS\u00c9G \u00c9S PONTOSS\u00c1G<\/strong><\/p>\n\n\n\n<p>Figyelmet ford\u00edtunk a r\u00e9szletekre,<br>semmit sem b\u00edzunk a v\u00e9letlenre.<\/p>\n\n\n\n<p><strong>TAN\u00daS\u00cdTOTT<\/strong><\/p>\n\n\n\n<p>\u00c9vek \u00f3ta az ISO 9001, ISO14001, ISO 45001 \u00e9s TISAX min\u0151s\u00e9gir\u00e1ny\u00edt\u00e1si rendszer szerint dolgozunk.<\/p>\n\n\n\n<p><strong>MINDIG K\u00d6ZEL<\/strong><\/p>\n\n\n\n<p>K\u00e9pesek vagyunk r\u00f6vid id\u0151n bel\u00fcl helysz\u00edni berendezked\u00e9st biztos\u00edtani \u00fcgyfeleink sz\u00e1m\u00e1ra, mivel munkat\u00e1rsaink a telep\u00edt\u00e9s helysz\u00edn\u00e9hez k\u00f6zel vannak.<\/p>\n\n\n\n<p><strong>VIL\u00c1GOS \u00c9S PONTOS DOKUMENT\u00c1CI\u00d3<\/strong><\/p>\n\n\n\n<p>\u00dcgyfeleinkkel k\u00f6z\u00f6sen olyan dokument\u00e1ci\u00f3t dolgoztunk ki, amely minden sz\u00fcks\u00e9ges adatot tartalmaz, ez\u00e9rt vil\u00e1gos \u00e9s \u00e1tl\u00e1that\u00f3. \u00cdgy gyorsan \u00e9s egyszer\u0171en \u00e1ttekintheti a projekt \u00e1llapot\u00e1t.<\/p>\n\n\n\n<p><strong>ELEKTRONIKUS ADATFELDOLGOZ\u00c1S<\/strong><\/p>\n\n\n\n<p>Folyamatosan moderniz\u00e1ljuk \u00e9s dolgozunk folyamataink jav\u00edt\u00e1s\u00e1n \u00e9s digitaliz\u00e1l\u00e1s\u00e1n. A saj\u00e1t fejleszt\u00e9s\u0171 rendszer\u00fcnk gyorsabb\u00e1 \u00e9s pontosabb\u00e1 teszi a munk\u00e1nkat, a fokozatos pap\u00edrmentes\u00edt\u00e9ssel pedig k\u00edm\u00e9lj\u00fck a k\u00f6rnyezetet \u00e9s hozz\u00e1j\u00e1rulunk a fenntarthat\u00f3s\u00e1ghoz.<\/p>\n<\/div>\n<\/div>\n\n\n\n<h1 class=\"wp-block-heading has-text-align-center\" id=\"certifikaty\">TAN\u00daS\u00cdTV\u00c1NYOK<\/h1>\n\n\n\n<div class=\"wp-block-columns is-layout-flex wp-container-core-columns-is-layout-9d6595d7 wp-block-columns-is-layout-flex\">\n<div class=\"wp-block-column is-layout-flow wp-block-column-is-layout-flow\">\n<figure class=\"wp-block-image size-large\"><img loading=\"lazy\" decoding=\"async\" width=\"724\" height=\"1024\" src=\"https:\/\/qsr24h-group.com\/wp-content\/uploads\/2023\/09\/ISO-9001-englisch-Unterzertifikat_CZ-724x1024.jpg\" alt=\"\" class=\"wp-image-62\"\/><\/figure>\n<\/div>\n\n\n\n<div class=\"wp-block-column is-layout-flow wp-block-column-is-layout-flow\">\n<figure class=\"wp-block-image size-large\"><img loading=\"lazy\" decoding=\"async\" width=\"724\" height=\"1024\" src=\"https:\/\/qsr24h-group.com\/wp-content\/uploads\/2023\/09\/ISO-9001-englisch-Unterzertifikat_HU-724x1024.jpg\" alt=\"\" class=\"wp-image-63\"\/><\/figure>\n<\/div>\n\n\n\n<div class=\"wp-block-column is-layout-flow wp-block-column-is-layout-flow\">\n<figure class=\"wp-block-image size-large\"><img loading=\"lazy\" decoding=\"async\" width=\"724\" height=\"1024\" src=\"https:\/\/qsr24h-group.com\/wp-content\/uploads\/2023\/09\/ISO-9001-englisch-Unterzertifikat_PL-724x1024.jpg\" alt=\"\" class=\"wp-image-60\"\/><\/figure>\n<\/div>\n<\/div>\n\n\n\n<div class=\"wp-block-columns is-layout-flex wp-container-core-columns-is-layout-9d6595d7 wp-block-columns-is-layout-flex\">\n<div class=\"wp-block-column is-layout-flow wp-block-column-is-layout-flow\">\n<figure class=\"wp-block-image size-large\"><img loading=\"lazy\" decoding=\"async\" width=\"724\" height=\"1024\" src=\"https:\/\/qsr24h-group.com\/wp-content\/uploads\/2023\/09\/0001-1-724x1024.jpg\" alt=\"\" class=\"wp-image-65\"\/><\/figure>\n<\/div>\n\n\n\n<div class=\"wp-block-column is-layout-flow wp-block-column-is-layout-flow\">\n<figure class=\"wp-block-image size-large\"><img loading=\"lazy\" decoding=\"async\" width=\"724\" height=\"1024\" src=\"https:\/\/qsr24h-group.com\/wp-content\/uploads\/2023\/09\/0002-724x1024.jpg\" alt=\"\" class=\"wp-image-69\"\/><\/figure>\n<\/div>\n\n\n\n<div class=\"wp-block-column is-layout-flow wp-block-column-is-layout-flow\">\n<figure class=\"wp-block-image size-large\"><img loading=\"lazy\" decoding=\"async\" width=\"724\" height=\"1024\" src=\"https:\/\/qsr24h-group.com\/wp-content\/uploads\/2023\/09\/ISO-14001-englisch-Unterzertifikat_CZ-724x1024.jpg\" alt=\"\" class=\"wp-image-61\"\/><\/figure>\n<\/div>\n<\/div>\n\n\n\n<div class=\"wp-block-columns is-layout-flex wp-container-core-columns-is-layout-9d6595d7 wp-block-columns-is-layout-flex\">\n<div class=\"wp-block-column is-layout-flow wp-block-column-is-layout-flow\">\n<figure class=\"wp-block-image size-large\"><img loading=\"lazy\" decoding=\"async\" width=\"724\" height=\"1024\" src=\"https:\/\/qsr24h-group.com\/wp-content\/uploads\/2023\/09\/0001-2-724x1024.jpg\" alt=\"\" class=\"wp-image-66\"\/><\/figure>\n<\/div>\n\n\n\n<div class=\"wp-block-column is-layout-flow wp-block-column-is-layout-flow\">\n<figure class=\"wp-block-image size-large\"><img loading=\"lazy\" decoding=\"async\" width=\"724\" height=\"1024\" src=\"https:\/\/qsr24h-group.com\/wp-content\/uploads\/2023\/09\/0002-1-724x1024.jpg\" alt=\"\" class=\"wp-image-70\"\/><\/figure>\n<\/div>\n\n\n\n<div class=\"wp-block-column is-layout-flow wp-block-column-is-layout-flow\">\n<figure class=\"wp-block-image size-large\"><img loading=\"lazy\" decoding=\"async\" width=\"724\" height=\"1024\" src=\"https:\/\/qsr24h-group.com\/wp-content\/uploads\/2023\/09\/0001-724x1024.jpg\" alt=\"\" class=\"wp-image-64\"\/><\/figure>\n<\/div>\n<\/div>\n","protected":false},"excerpt":{"rendered":"<p>QSR24hZ\u00f6ld a min\u0151s\u00e9gnek BEVEZET\u00c9S \u00c9S T\u00d6RT\u00c9NET A QSR24h gy\u00f6kerei N\u00e9metorsz\u00e1gban vannak. 2006 \u00f3ta ny\u00fajtunk szolg\u00e1ltat\u00e1sokat az aut\u00f3ipari besz\u00e1ll\u00edt\u00f3knak a Cseh K\u00f6zt\u00e1rsas\u00e1gban, Magyarorsz\u00e1gon, Lengyelorsz\u00e1gban \u00e9s Szlov\u00e1ki\u00e1ban m\u0171k\u00f6d\u0151 fi\u00f3kh\u00e1l\u00f3zatunkban. Tapasztalt szakemberek vagyunk&#8230;.<\/p>\n","protected":false},"author":1,"featured_media":146,"parent":0,"menu_order":0,"comment_status":"closed","ping_status":"closed","template":"page-company.php","meta":{"footnotes":""},"class_list":["post-513","page","type-page","status-publish","has-post-thumbnail","hentry"],"_links":{"self":[{"href":"https:\/\/qsr24h-group.com\/hu\/wp-json\/wp\/v2\/pages\/513","targetHints":{"allow":["GET"]}}],"collection":[{"href":"https:\/\/qsr24h-group.com\/hu\/wp-json\/wp\/v2\/pages"}],"about":[{"href":"https:\/\/qsr24h-group.com\/hu\/wp-json\/wp\/v2\/types\/page"}],"author":[{"embeddable":true,"href":"https:\/\/qsr24h-group.com\/hu\/wp-json\/wp\/v2\/users\/1"}],"replies":[{"embeddable":true,"href":"https:\/\/qsr24h-group.com\/hu\/wp-json\/wp\/v2\/comments?post=513"}],"version-history":[{"count":1,"href":"https:\/\/qsr24h-group.com\/hu\/wp-json\/wp\/v2\/pages\/513\/revisions"}],"predecessor-version":[{"id":520,"href":"https:\/\/qsr24h-group.com\/hu\/wp-json\/wp\/v2\/pages\/513\/revisions\/520"}],"wp:featuredmedia":[{"embeddable":true,"href":"https:\/\/qsr24h-group.com\/hu\/wp-json\/wp\/v2\/media\/146"}],"wp:attachment":[{"href":"https:\/\/qsr24h-group.com\/hu\/wp-json\/wp\/v2\/media?parent=513"}],"curies":[{"name":"wp","href":"https:\/\/api.w.org\/{rel}","templated":true}]}}