{"id":511,"date":"2023-09-14T11:38:10","date_gmt":"2023-09-14T09:38:10","guid":{"rendered":"https:\/\/qsr24h-group.com\/profil-firmy\/"},"modified":"2023-09-14T14:26:35","modified_gmt":"2023-09-14T12:26:35","slug":"company-profile","status":"publish","type":"page","link":"https:\/\/qsr24h-group.com\/en\/company-profile\/","title":{"rendered":"Company profile"},"content":{"rendered":"\n<h1 class=\"wp-block-heading has-text-align-center\" id=\"qsr24hzelena-pre-kvalitu\"><strong>QSR24h<\/strong> Green for Quality<\/h1>\n\n\n\n<div class=\"wp-block-columns is-layout-flex wp-container-core-columns-is-layout-9d6595d7 wp-block-columns-is-layout-flex\">\n<div class=\"wp-block-column is-layout-flow wp-block-column-is-layout-flow\">\n<h2 class=\"wp-block-heading\" id=\"uvod-a-historia\">INTRODUCTION &amp; HISTORY<\/h2>\n\n\n\n<p>The QSR24h\u2019s roots are in Germany. Services for automotive industry suppliers are provided in the network of branches in the Czech Republic, Hungary, Poland and Slovakia since 2006.<\/p>\n\n\n\n<p>We are experienced specialists. Fairness, safety and quality are the foundations of our company. We quickly and efficiently remove deficiencies in quality right at the customer\u2019s place and suggest solutions for their prevention. Personal contact with you is important to us. <\/p>\n\n\n\n<p>We have comprehensive quality assurance, processes and engineering based on our certification according to ISO 9001, ISO 14001 and ISO 45001<\/p>\n\n\n\n<p>\u2022 <strong>2005 QSR24h Hungary, Kft v Gy\u0151ri \/ Hungary<\/strong><\/p>\n\n\n\n<p>\u2022 <strong>2006 QSR24h Slovakia, s.r.o. v Bratislava \/ Slovakia<\/strong><\/p>\n\n\n\n<p>\u2022 <strong>2006 QSR24h Polen in Wa\u0142brzych \/ Poland<\/strong><\/p>\n\n\n\n<p>\u2022 2007 certifikations accorsing to ISO 9001:2000<\/p>\n\n\n\n<p>\u2022 <strong>2010 QSR24h Czech, s.r.o. in Mlad\u00e1 Boleslav \/ Czechia<\/strong><\/p>\n\n\n\n<p>\u2022 2012 Branch Kecskem\u00e9t \/ Hungary<\/p>\n\n\n\n<p>\u2022 2016 Branch B\u0159eclav \/ Czechia<\/p>\n\n\n\n<p>\u2022 2012 Warenfilter Audi Gy\u0151r \/ Hungary<\/p>\n\n\n\n<p>\u2022 2016 Branch Pozna\u0144 \/ Poland<\/p>\n\n\n\n<p class=\"has-text-align-left\">\u2022 2018 certification QSR24h according to ISO 9001:2015, ISO 45001:2015, ISO14001:2018<\/p>\n\n\n\n<p>\u2022 2019 Branch \u017diar nad Hronom \/ Slovakia<\/p>\n\n\n\n<p>\u2022 2019 Branch Hyundai No\u0161ovice \/ Czechia<\/p>\n\n\n\n<p>\u2022 2020 Warenfilter Volkswagen Pozna\u0144 \/ Poland<\/p>\n\n\n\n<p>\u2022 2021 Warenfilter \u0160koda Auto Mlad\u00e1 Boleslav and Kvasiny \/ Czechia <\/p>\n\n\n\n<p>\u2022 2022 certification TISAX<\/p>\n<\/div>\n\n\n\n<div class=\"wp-block-column is-layout-flow wp-block-column-is-layout-flow\">\n<h2 class=\"wp-block-heading\" id=\"dovody-pre-spolupracu-s-qsr24h\">REASONS FOR CHOOSING QSR24h<\/h2>\n\n\n\n<p><strong>24 HOURS &amp; 365 DAYS A YEAR<\/strong><\/p>\n\n\n\n<p>Our name says it all. We are working around the clock for you. Always ready to solve technical problems to your relief and your complete satisfaction.<\/p>\n\n\n\n<p><strong>LARGE AND FLEXIBLE MANPOWER<\/strong><\/p>\n\n\n\n<p>We have more than 500 employees throughout Europe, we can provide for you. Orders are professionally and accurately performed with our professional staff.<\/p>\n\n\n\n<p><strong>TRAINED PERSONNEL<\/strong><\/p>\n\n\n\n<p>Our employees are regularly trained properly by an auditor. By default, our employees are trained with the general rules of our society, with the security rules of the individual plants, 5S, VDA and many others.<\/p>\n\n\n\n<p><strong>DETAILS AND PRECISION<\/strong><\/p>\n\n\n\n<p>Our experienced staff take care of all details\nwithout chance of accident<\/p>\n\n\n\n<p><strong>CERTIFIED<\/strong><\/p>\n\n\n\n<p>Dlh\u00e9 roky pracujeme na z\u00e1klade syst\u00e9mu riadenia kvality ISO 9001, ISO14001, ISO 45001 a TISAX<\/p>\n\n\n\n<p><strong>ALWAYS IN THE NEIGHBOURHOOD<\/strong><\/p>\n\n\n\n<p>We are able to provide people in a short time to the place of deployment, because we have local proximity of our employees.<\/p>\n\n\n\n<p><strong>TRANSPARENT &amp; ACCURATE DOCUMENTATION<\/strong><\/p>\n\n\n\n<p>Together with our customers we have developed a documentation sheet that covers all the necessary data, and it is clear and obvious. So you get a quick and easy overview of the project status.<\/p>\n\n\n\n<p><strong>ELECTRONIC DATA PROCESSING<\/strong><\/p>\n\n\n\n<p>We are constantly modernizing and working to improve and digitize our processes. Our own developed system speeds up and refines our work and, by gradually moving to a paperless form, we save the environment and contribute to environmental sustainability.<\/p>\n<\/div>\n<\/div>\n\n\n\n<h1 class=\"wp-block-heading has-text-align-center\" id=\"certifikaty\">CERTIFICATES<\/h1>\n\n\n\n<div class=\"wp-block-columns is-layout-flex wp-container-core-columns-is-layout-9d6595d7 wp-block-columns-is-layout-flex\">\n<div class=\"wp-block-column is-layout-flow wp-block-column-is-layout-flow\">\n<figure class=\"wp-block-image size-large\"><img loading=\"lazy\" decoding=\"async\" width=\"724\" height=\"1024\" src=\"https:\/\/qsr24h-group.com\/wp-content\/uploads\/2023\/09\/ISO-9001-englisch-Unterzertifikat_CZ-724x1024.jpg\" alt=\"\" class=\"wp-image-62\"\/><\/figure>\n<\/div>\n\n\n\n<div class=\"wp-block-column is-layout-flow wp-block-column-is-layout-flow\">\n<figure class=\"wp-block-image size-large\"><img loading=\"lazy\" decoding=\"async\" width=\"724\" height=\"1024\" src=\"https:\/\/qsr24h-group.com\/wp-content\/uploads\/2023\/09\/ISO-9001-englisch-Unterzertifikat_HU-724x1024.jpg\" alt=\"\" class=\"wp-image-63\"\/><\/figure>\n<\/div>\n\n\n\n<div class=\"wp-block-column is-layout-flow wp-block-column-is-layout-flow\">\n<figure class=\"wp-block-image size-large\"><img loading=\"lazy\" decoding=\"async\" width=\"724\" height=\"1024\" src=\"https:\/\/qsr24h-group.com\/wp-content\/uploads\/2023\/09\/ISO-9001-englisch-Unterzertifikat_PL-724x1024.jpg\" alt=\"\" class=\"wp-image-60\"\/><\/figure>\n<\/div>\n<\/div>\n\n\n\n<div class=\"wp-block-columns is-layout-flex wp-container-core-columns-is-layout-9d6595d7 wp-block-columns-is-layout-flex\">\n<div class=\"wp-block-column is-layout-flow wp-block-column-is-layout-flow\">\n<figure class=\"wp-block-image size-large\"><img loading=\"lazy\" decoding=\"async\" width=\"724\" height=\"1024\" src=\"https:\/\/qsr24h-group.com\/wp-content\/uploads\/2023\/09\/0001-1-724x1024.jpg\" alt=\"\" class=\"wp-image-65\"\/><\/figure>\n<\/div>\n\n\n\n<div class=\"wp-block-column is-layout-flow wp-block-column-is-layout-flow\">\n<figure class=\"wp-block-image size-large\"><img loading=\"lazy\" decoding=\"async\" width=\"724\" height=\"1024\" src=\"https:\/\/qsr24h-group.com\/wp-content\/uploads\/2023\/09\/0002-724x1024.jpg\" alt=\"\" class=\"wp-image-69\"\/><\/figure>\n<\/div>\n\n\n\n<div class=\"wp-block-column is-layout-flow wp-block-column-is-layout-flow\">\n<figure class=\"wp-block-image size-large\"><img loading=\"lazy\" decoding=\"async\" width=\"724\" height=\"1024\" src=\"https:\/\/qsr24h-group.com\/wp-content\/uploads\/2023\/09\/ISO-14001-englisch-Unterzertifikat_CZ-724x1024.jpg\" alt=\"\" class=\"wp-image-61\"\/><\/figure>\n<\/div>\n<\/div>\n\n\n\n<div class=\"wp-block-columns is-layout-flex wp-container-core-columns-is-layout-9d6595d7 wp-block-columns-is-layout-flex\">\n<div class=\"wp-block-column is-layout-flow wp-block-column-is-layout-flow\">\n<figure class=\"wp-block-image size-large\"><img loading=\"lazy\" decoding=\"async\" width=\"724\" height=\"1024\" src=\"https:\/\/qsr24h-group.com\/wp-content\/uploads\/2023\/09\/0001-2-724x1024.jpg\" alt=\"\" class=\"wp-image-66\"\/><\/figure>\n<\/div>\n\n\n\n<div class=\"wp-block-column is-layout-flow wp-block-column-is-layout-flow\">\n<figure class=\"wp-block-image size-large\"><img loading=\"lazy\" decoding=\"async\" width=\"724\" height=\"1024\" src=\"https:\/\/qsr24h-group.com\/wp-content\/uploads\/2023\/09\/0002-1-724x1024.jpg\" alt=\"\" class=\"wp-image-70\"\/><\/figure>\n<\/div>\n\n\n\n<div class=\"wp-block-column is-layout-flow wp-block-column-is-layout-flow\">\n<figure class=\"wp-block-image size-large\"><img loading=\"lazy\" decoding=\"async\" width=\"724\" height=\"1024\" src=\"https:\/\/qsr24h-group.com\/wp-content\/uploads\/2023\/09\/0001-724x1024.jpg\" alt=\"\" class=\"wp-image-64\"\/><\/figure>\n<\/div>\n<\/div>\n","protected":false},"excerpt":{"rendered":"<p>QSR24h Green for Quality INTRODUCTION &amp; HISTORY The QSR24h\u2019s roots are in Germany. Services for automotive industry suppliers are provided in the network of branches in the Czech Republic, Hungary,&#8230;<\/p>\n","protected":false},"author":1,"featured_media":144,"parent":0,"menu_order":0,"comment_status":"closed","ping_status":"closed","template":"page-company.php","meta":{"footnotes":""},"class_list":["post-511","page","type-page","status-publish","has-post-thumbnail","hentry"],"_links":{"self":[{"href":"https:\/\/qsr24h-group.com\/en\/wp-json\/wp\/v2\/pages\/511","targetHints":{"allow":["GET"]}}],"collection":[{"href":"https:\/\/qsr24h-group.com\/en\/wp-json\/wp\/v2\/pages"}],"about":[{"href":"https:\/\/qsr24h-group.com\/en\/wp-json\/wp\/v2\/types\/page"}],"author":[{"embeddable":true,"href":"https:\/\/qsr24h-group.com\/en\/wp-json\/wp\/v2\/users\/1"}],"replies":[{"embeddable":true,"href":"https:\/\/qsr24h-group.com\/en\/wp-json\/wp\/v2\/comments?post=511"}],"version-history":[{"count":1,"href":"https:\/\/qsr24h-group.com\/en\/wp-json\/wp\/v2\/pages\/511\/revisions"}],"predecessor-version":[{"id":518,"href":"https:\/\/qsr24h-group.com\/en\/wp-json\/wp\/v2\/pages\/511\/revisions\/518"}],"wp:featuredmedia":[{"embeddable":true,"href":"https:\/\/qsr24h-group.com\/en\/wp-json\/wp\/v2\/media\/144"}],"wp:attachment":[{"href":"https:\/\/qsr24h-group.com\/en\/wp-json\/wp\/v2\/media?parent=511"}],"curies":[{"name":"wp","href":"https:\/\/api.w.org\/{rel}","templated":true}]}}