{"id":512,"date":"2023-09-14T11:38:10","date_gmt":"2023-09-14T09:38:10","guid":{"rendered":"https:\/\/qsr24h-group.com\/profil-firmy\/"},"modified":"2023-09-14T14:28:33","modified_gmt":"2023-09-14T12:28:33","slug":"firmenprofil","status":"publish","type":"page","link":"https:\/\/qsr24h-group.com\/de\/firmenprofil\/","title":{"rendered":"Firmenprofil"},"content":{"rendered":"\n<h1 class=\"wp-block-heading has-text-align-center\" id=\"qsr24hzelena-pre-kvalitu\"><strong>QSR24h<\/strong><br>Gr\u00fcn f\u00fcr Qualit\u00e4t<\/h1>\n\n\n\n<div class=\"wp-block-columns is-layout-flex wp-container-core-columns-is-layout-9d6595d7 wp-block-columns-is-layout-flex\">\n<div class=\"wp-block-column is-layout-flow wp-block-column-is-layout-flow\">\n<h2 class=\"wp-block-heading\" id=\"uvod-a-historia\">EINF\u00dcHRUNG &amp; HISTORIE<\/h2>\n\n\n\n<p>Die Wurzeln von QSR24h liegen in Deutschland. Dienstleistungen f\u00fcr Lieferanten in der Automobilindustrie bieten wir mithilfe eines Netzes von Niederlassungen in Tschechien, Ungarn, Polen und in der Slowakei schon seit 2006.<\/p>\n\n\n\n<p>Wir sind erfahrene Spezialisten. Fairness, Sicherheit und Qualit\u00e4t sind die Grundlagen unseres Unternehmens. Schnell und effektiv beseitigen wir Qualit\u00e4tsm\u00e4ngel auch direkt bei Ihrem Kunden und schlagen L\u00f6sungen zu deren Vermeidung vor. Der pers\u00f6nliche Kontakt mit Ihnen ist uns wichtig. <\/p>\n\n\n\n<p>Wir besch\u00e4ftigen uns mit umfassender Qualit\u00e4tssicherung, Prozesse und Engineering auf Basis unserer Zertifizierung nach ISO 9001, ISO 14001 and ISO 45001.<\/p>\n\n\n\n<p>\u2022 <strong>2005 QSR24h Hungary, Kft v Gy\u0151ri \/ Ungarn<\/strong><\/p>\n\n\n\n<p>\u2022 <strong>2006 QSR24h Slovakia, s.r.o. Bratislava \/ Slovakia<\/strong><\/p>\n\n\n\n<p>\u2022 <strong>2006 QSR24h Polen Wa\u0142brzych \/ Polen<\/strong><\/p>\n\n\n\n<p>\u2022 2007 Zertifizierung QSR24h nach ISO 9001:2000<\/p>\n\n\n\n<p>\u2022 <strong>2010 QSR24h Czech, s.r.o. in Mlad\u00e1 Boleslav \/ Tchechai<\/strong><\/p>\n\n\n\n<p>\u2022 2012 Niederlassung Kecskem\u00e9t \/ Ungarn<\/p>\n\n\n\n<p>\u2022 2016 Niederlassung B\u0159eclav \/ Tchechai<\/p>\n\n\n\n<p>\u2022 2012 Warenfilter Audi Gy\u0151r \/ Ungarn<\/p>\n\n\n\n<p>\u2022 2016 Niederlassung Pozna\u0144 \/ Polen<\/p>\n\n\n\n<p class=\"has-text-align-left\">\u2022 2018 zertifizierung QSR24h nach ISO 9001:2015, ISO 45001:2015, ISO14001:2018<\/p>\n\n\n\n<p>\u2022 2019 Niederlassung \u017diar nad Hronom \/ Slovakia<\/p>\n\n\n\n<p>\u2022 2019 Niederlassung Hyundai No\u0161ovice \/ Tchechai<\/p>\n\n\n\n<p>\u2022 2020 Warenfilter Volkswagen Pozna\u0144 \/ Polen<\/p>\n\n\n\n<p>\u2022 2021 Warenfilter \u0160koda Auto Mlad\u00e1 Boleslav und Kvasiny \/ Tchechai <\/p>\n\n\n\n<p>\u2022 2022 zertifizierung TISAX<\/p>\n<\/div>\n\n\n\n<div class=\"wp-block-column is-layout-flow wp-block-column-is-layout-flow\">\n<h2 class=\"wp-block-heading\" id=\"dovody-pre-spolupracu-s-qsr24h\">GR\u00dcNDE, DIE F\u00dcR QSR24H SPRECHEN<\/h2>\n\n\n\n<p><strong>24 STUNDEN &amp; 365 TAGE IM JAHR<\/strong><\/p>\n\n\n\n<p>Unser Name ist Programm. Wir sind rund um die Uhr f\u00fcr Sie t\u00e4tig. Immer bereit, technische Probleme zu Ihrer Entlastung und Ihrer vollsten Zufriedenheit zu l\u00f6sen.<\/p>\n\n\n\n<p><strong>GROSSE &amp; FLEXIBLE MANPOWER<\/strong><\/p>\n\n\n\n<p>Wir verf\u00fcgen \u00fcber mehr als 500 Mitarbeitern Europaweit, die wir f\u00fcr Sie zur bereitstellen k\u00f6nnen. Auftr\u00e4ge werden professionell und pr\u00e4zise durchgef\u00fchrt mit unserem professionellen Personal.<\/p>\n\n\n\n<p><strong>GESCHULTES PERSONAL<\/strong><\/p>\n\n\n\n<p>Unsere Mitarbeiter werden regelm\u00e4\u00dfig fachgem\u00e4\u00df durch einen Auditor geschult. Als Standard werden die Mitarbeiter mit den allgemeinen Regeln unserer Gesellschaft, mit den Sicherheitsregeln der einzelnen Werken, 5S, VDA und viele andere geschult.<\/p>\n\n\n\n<p><strong>DETAIL UND PRAEZISION<\/strong><\/p>\n\n\n\n<p>Unsere erfahrenen Kollegen achten auf Details<br>und \u00fcberlassen nichts dem Zufall.<\/p>\n\n\n\n<p><strong>ZERTIFIZIERT<\/strong><\/p>\n\n\n\n<p>Wir arbeiten seit vielen Jahren auf Basis des Qualit\u00e4tsmanagementsystems ISO 9001, ISO14001, ISO 45001 und TISAX<\/p>\n\n\n\n<p><strong>IMMER IN IHRER N\u00c4HE<\/strong><\/p>\n\n\n\n<p>F\u00fcr unsere Kunden sind wir in der Lage kurzfristig auf den Einsatzort zu sein, da wir mit lokalen Mitarbeitern in Einsatz sind.<\/p>\n\n\n\n<p><strong>\u00dcBERSICHTLICHE &amp; GENAUE DOKUMENTATION\u00c1 A PRESN\u00c1 DOKUMENT\u00c1CIA<\/strong><\/p>\n\n\n\n<p>Zusammen mit unseren Kunden haben wir Dokumentationsbl\u00e4tter entwickelt, die alle notwendigen Daten erfassen, sowie \u00fcbersichtlich und klar darstellen. So erhalten Sie schnell und einfach einen \u00dcberblick \u00fcber den Projektstatus.<\/p>\n\n\n\n<p><strong>ELEKTRONISCHE DATENVERARBEITUNG<\/strong><\/p>\n\n\n\n<p>Wir modernisieren und arbeiten st\u00e4ndig an der Verbesserung und Digitalisierung unserer Prozesse. Ein intern entwickeltes System beschleunigt und verfeinert unsere Arbeit und durch die schrittweise Umstellung auf eine papierlose Form schonen wir die Umwelt und tragen zur \u00f6kologischen Nachhaltigkeit bei.<\/p>\n<\/div>\n<\/div>\n\n\n\n<h1 class=\"wp-block-heading has-text-align-center\" id=\"certifikaty\">ZERTIFIKATEN<\/h1>\n\n\n\n<div class=\"wp-block-columns is-layout-flex wp-container-core-columns-is-layout-9d6595d7 wp-block-columns-is-layout-flex\">\n<div class=\"wp-block-column is-layout-flow wp-block-column-is-layout-flow\">\n<figure class=\"wp-block-image size-large\"><img loading=\"lazy\" decoding=\"async\" width=\"724\" height=\"1024\" src=\"https:\/\/qsr24h-group.com\/wp-content\/uploads\/2023\/09\/ISO-9001-englisch-Unterzertifikat_CZ-724x1024.jpg\" alt=\"\" class=\"wp-image-62\"\/><\/figure>\n<\/div>\n\n\n\n<div class=\"wp-block-column is-layout-flow wp-block-column-is-layout-flow\">\n<figure class=\"wp-block-image size-large\"><img loading=\"lazy\" decoding=\"async\" width=\"724\" height=\"1024\" src=\"https:\/\/qsr24h-group.com\/wp-content\/uploads\/2023\/09\/ISO-9001-englisch-Unterzertifikat_HU-724x1024.jpg\" alt=\"\" class=\"wp-image-63\"\/><\/figure>\n<\/div>\n\n\n\n<div class=\"wp-block-column is-layout-flow wp-block-column-is-layout-flow\">\n<figure class=\"wp-block-image size-large\"><img loading=\"lazy\" decoding=\"async\" width=\"724\" height=\"1024\" src=\"https:\/\/qsr24h-group.com\/wp-content\/uploads\/2023\/09\/ISO-9001-englisch-Unterzertifikat_PL-724x1024.jpg\" alt=\"\" class=\"wp-image-60\"\/><\/figure>\n<\/div>\n<\/div>\n\n\n\n<div class=\"wp-block-columns is-layout-flex wp-container-core-columns-is-layout-9d6595d7 wp-block-columns-is-layout-flex\">\n<div class=\"wp-block-column is-layout-flow wp-block-column-is-layout-flow\">\n<figure class=\"wp-block-image size-large\"><img loading=\"lazy\" decoding=\"async\" width=\"724\" height=\"1024\" src=\"https:\/\/qsr24h-group.com\/wp-content\/uploads\/2023\/09\/0001-1-724x1024.jpg\" alt=\"\" class=\"wp-image-65\"\/><\/figure>\n<\/div>\n\n\n\n<div class=\"wp-block-column is-layout-flow wp-block-column-is-layout-flow\">\n<figure class=\"wp-block-image size-large\"><img loading=\"lazy\" decoding=\"async\" width=\"724\" height=\"1024\" src=\"https:\/\/qsr24h-group.com\/wp-content\/uploads\/2023\/09\/0002-724x1024.jpg\" alt=\"\" class=\"wp-image-69\"\/><\/figure>\n<\/div>\n\n\n\n<div class=\"wp-block-column is-layout-flow wp-block-column-is-layout-flow\">\n<figure class=\"wp-block-image size-large\"><img loading=\"lazy\" decoding=\"async\" width=\"724\" height=\"1024\" src=\"https:\/\/qsr24h-group.com\/wp-content\/uploads\/2023\/09\/ISO-14001-englisch-Unterzertifikat_CZ-724x1024.jpg\" alt=\"\" class=\"wp-image-61\"\/><\/figure>\n<\/div>\n<\/div>\n\n\n\n<div class=\"wp-block-columns is-layout-flex wp-container-core-columns-is-layout-9d6595d7 wp-block-columns-is-layout-flex\">\n<div class=\"wp-block-column is-layout-flow wp-block-column-is-layout-flow\">\n<figure class=\"wp-block-image size-large\"><img loading=\"lazy\" decoding=\"async\" width=\"724\" height=\"1024\" src=\"https:\/\/qsr24h-group.com\/wp-content\/uploads\/2023\/09\/0001-2-724x1024.jpg\" alt=\"\" class=\"wp-image-66\"\/><\/figure>\n<\/div>\n\n\n\n<div class=\"wp-block-column is-layout-flow wp-block-column-is-layout-flow\">\n<figure class=\"wp-block-image size-large\"><img loading=\"lazy\" decoding=\"async\" width=\"724\" height=\"1024\" src=\"https:\/\/qsr24h-group.com\/wp-content\/uploads\/2023\/09\/0002-1-724x1024.jpg\" alt=\"\" class=\"wp-image-70\"\/><\/figure>\n<\/div>\n\n\n\n<div class=\"wp-block-column is-layout-flow wp-block-column-is-layout-flow\">\n<figure class=\"wp-block-image size-large\"><img loading=\"lazy\" decoding=\"async\" width=\"724\" height=\"1024\" src=\"https:\/\/qsr24h-group.com\/wp-content\/uploads\/2023\/09\/0001-724x1024.jpg\" alt=\"\" class=\"wp-image-64\"\/><\/figure>\n<\/div>\n<\/div>\n","protected":false},"excerpt":{"rendered":"<p>QSR24hGr\u00fcn f\u00fcr Qualit\u00e4t EINF\u00dcHRUNG &amp; HISTORIE Die Wurzeln von QSR24h liegen in Deutschland. Dienstleistungen f\u00fcr Lieferanten in der Automobilindustrie bieten wir mithilfe eines Netzes von Niederlassungen in Tschechien, Ungarn, Polen&#8230;<\/p>\n","protected":false},"author":1,"featured_media":145,"parent":0,"menu_order":0,"comment_status":"closed","ping_status":"closed","template":"page-company.php","meta":{"footnotes":""},"class_list":["post-512","page","type-page","status-publish","has-post-thumbnail","hentry"],"_links":{"self":[{"href":"https:\/\/qsr24h-group.com\/de\/wp-json\/wp\/v2\/pages\/512","targetHints":{"allow":["GET"]}}],"collection":[{"href":"https:\/\/qsr24h-group.com\/de\/wp-json\/wp\/v2\/pages"}],"about":[{"href":"https:\/\/qsr24h-group.com\/de\/wp-json\/wp\/v2\/types\/page"}],"author":[{"embeddable":true,"href":"https:\/\/qsr24h-group.com\/de\/wp-json\/wp\/v2\/users\/1"}],"replies":[{"embeddable":true,"href":"https:\/\/qsr24h-group.com\/de\/wp-json\/wp\/v2\/comments?post=512"}],"version-history":[{"count":1,"href":"https:\/\/qsr24h-group.com\/de\/wp-json\/wp\/v2\/pages\/512\/revisions"}],"predecessor-version":[{"id":519,"href":"https:\/\/qsr24h-group.com\/de\/wp-json\/wp\/v2\/pages\/512\/revisions\/519"}],"wp:featuredmedia":[{"embeddable":true,"href":"https:\/\/qsr24h-group.com\/de\/wp-json\/wp\/v2\/media\/145"}],"wp:attachment":[{"href":"https:\/\/qsr24h-group.com\/de\/wp-json\/wp\/v2\/media?parent=512"}],"curies":[{"name":"wp","href":"https:\/\/api.w.org\/{rel}","templated":true}]}}