{"id":564,"date":"2023-09-14T11:24:50","date_gmt":"2023-09-14T09:24:50","guid":{"rendered":"https:\/\/qsr24h-group.com\/social-responsibility\/"},"modified":"2023-09-14T15:00:41","modified_gmt":"2023-09-14T13:00:41","slug":"zodpovednosti","status":"publish","type":"page","link":"https:\/\/qsr24h-group.com\/cs\/zodpovednosti\/","title":{"rendered":"Zodpov\u011bdnosti"},"content":{"rendered":"\n<h2 class=\"wp-block-heading\" id=\"politika-integrovaneho-systemu-manazerstva-kvality-bezpecnosti-a-ochrany-zdravia-pri-praci-a-ochrany-zivotneho-prostredia\"><strong>Politika integrovan\u00e9ho syst\u00e9mu managementu kvality, bezpe\u010dnosti a ochrany zdrav\u00ed p\u0159i pr\u00e1ci a ochrany \u017eivotn\u00edho prost\u0159ed\u00ed<\/strong><\/h2>\n\n\n\n<div class=\"wp-block-group\"><div class=\"wp-block-group__inner-container is-layout-flow wp-block-group-is-layout-flow\">\n<p id=\"vedenie-qsr24h-sa-so-svojimi-pracovnikmi-v-ramci-systemu-integrovaneho-manazerstva-zavazuje-zabezpecit\" style=\"font-size:14px\"><strong>Veden\u00ed QSR24h se se sv\u00fdmi pracovn\u00edky v r\u00e1mci syst\u00e9mu integrovan\u00e9ho managementu zavazuje zabezpe\u010dit:<\/strong>    <\/p>\n<\/div><\/div>\n\n\n\n<p><\/p>\n\n\n\n<ul class=\"wp-block-list\">\n<li>Integrov\u00e1n\u00ed a dodr\u017eov\u00e1n\u00ed po\u017eadavk\u016f syst\u00e9mu managementu do podnikov\u00fdch proces\u016f.<\/li>\n\n\n\n<li>Dodr\u017eov\u00e1n\u00ed platn\u00fdch z\u00e1kon\u016f, na\u0159\u00edzen\u00ed a norem.<\/li>\n\n\n\n<li>Rozvoj IMS v organizaci a vytv\u00e1\u0159en\u00ed zdroj\u016f pot\u0159ebn\u00fdch pro jeho udr\u017eov\u00e1n\u00ed a trval\u00e9 zlep\u0161ov\u00e1n\u00ed.<\/li>\n<\/ul>\n\n\n\n<h2 class=\"wp-block-heading\"><\/h2>\n\n\n\n<h2 class=\"wp-block-heading has-text-color\" id=\"ferovost-bezpecnost-a-kvalita-su-zakladmi-nasej-spolocnosti\" style=\"color:#007a60\"><strong>F\u00c9ROVOST, BEZPE\u010cNOST a KVALITA jsou z\u00e1klady na\u0161\u00ed spole\u010dnosti.<\/strong><\/h2>\n\n\n\n<p id=\"pre-dlhodoby-rozvoj-spoluprace-so-zainteresovanymi-stranami-sa-pre-trvale-zlepsovanie-kvality-dodavanych-sluzieb-zavazujeme\" style=\"font-size:14px\"><strong>Pro dlouhodob\u00fd rozvoj spolupr\u00e1ce se zainteresovan\u00fdmi stranami se pro trval\u00e9 zlep\u0161ov\u00e1n\u00ed kvality dod\u00e1van\u00fdch slu\u017eeb zavazujeme:<\/strong><\/p>\n\n\n\n<ul class=\"wp-block-list\">\n<li>Zabezpe\u010dovat hladk\u00fd pr\u016fb\u011bh z\u00e1kazky, standardizovat procesy a p\u0159edch\u00e1zet chyb\u00e1m.<\/li>\n\n\n\n<li>Z\u00edsk\u00e1vat d\u016fv\u011bru a uzn\u00e1n\u00ed na\u0161im jedn\u00e1n\u00edm.<\/li>\n\n\n\n<li>Vyu\u017e\u00edvat nov\u00e9 technologie, modernizovat a zefekt\u00edv\u0148ovat na\u0161e procesy.<\/li>\n\n\n\n<li>Sledovat po\u017eadavky zainteresovan\u00fdch stran za \u00fa\u010delem spln\u011bn\u00ed po\u017eadavk\u016f z\u00e1kazn\u00edk\u016f, zlep\u0161ov\u00e1n\u00ed proces\u016f, stanoven\u00ed, napln\u011bn\u00ed a vyhodnocov\u00e1n\u00ed c\u00edl\u016f.<\/li>\n\n\n\n<li>P\u0159i ochran\u011b \u017eivotn\u00edho prost\u0159ed\u00ed a zdrav\u00ed na\u0161ich spolupracovn\u00edk\u016f p\u016fsobit preventivn\u011b a zodpov\u011bdn\u011b.<\/li>\n\n\n\n<li>Minimalizovat rizika, eliminovat nebezpe\u010d\u00ed a negativn\u00ed dopady na\u0161ich \u010dinnost\u00ed.<\/li>\n\n\n\n<li>Sni\u017eovat mno\u017estv\u00ed odpadu a spot\u0159ebu energi\u00ed.<\/li>\n\n\n\n<li>Zvy\u0161ovat uv\u011bdom\u011blost na\u0161ich spolupracovn\u00edk\u016f, vytv\u00e1\u0159et pro n\u011b bezpe\u010dn\u00e9 a zdrav\u00e9 pracovn\u00ed podm\u00ednky a poskytnout jim prostor pro zp\u011btnou vazbu.<\/li>\n<\/ul>\n\n\n\n<h2 class=\"wp-block-heading\"><\/h2>\n\n\n\n<h2 class=\"wp-block-heading\" id=\"kodex-spravania-qsr24h\">Kodex chov\u00e1n\u00ed QSR24h<\/h2>\n\n\n<div class=\"custom-gutenberg-file\"><span><\/span><a href=\"https:\/\/qsr24h-group.com\/wp-content\/uploads\/2023\/09\/Code-of-Conduct-QSR24h_20200309.docx\" title=\"Stiahnu\u0165\" download=\"\"><\/a><p><a href=\"https:\/\/qsr24h-group.com\/wp-content\/uploads\/2023\/09\/Code-of-Conduct-QSR24h_20200309.docx\">\nCode-of-Conduct-QSR24h_20200309<\/a><\/p><\/div>\n\n\n<h2 class=\"wp-block-heading\" id=\"kodex-spravania-qsr24h\">Standardy trval\u00e9 udr\u017eitelnosti pro dodavatele<\/h2>\n\n\n<div class=\"custom-gutenberg-file\"><span><\/span><a href=\"https:\/\/qsr24h-group.com\/wp-content\/uploads\/2023\/09\/Supplier-Sustainability-Standards-QSR24h_20200309_SK.docx\" title=\"Stiahnu\u0165\" download=\"\"><\/a><p><a href=\"https:\/\/qsr24h-group.com\/wp-content\/uploads\/2023\/09\/Supplier-Sustainability-Standards-QSR24h_20200309_SK.docx\">\nSupplier-Sustainability-Standards-QSR24h_20200309_SK<\/a><\/p><\/div>\n\n\n<h2 class=\"wp-block-heading\" id=\"kodex-spravania-qsr24h\">Bezpe\u010dnostn\u00ed politika<\/h2>\n\n\n<div class=\"custom-gutenberg-file\"><span><\/span><a href=\"https:\/\/qsr24h-group.com\/wp-content\/uploads\/2023\/09\/TISAX_012_ISMS-Politik.pdf\" title=\"Stiahnu\u0165\" download=\"\"><\/a><p><a href=\"https:\/\/qsr24h-group.com\/wp-content\/uploads\/2023\/09\/TISAX_012_ISMS-Politik.pdf\">\nTISAX_012_ISMS-Politik<\/a><\/p><\/div>","protected":false},"excerpt":{"rendered":"<p>Politika integrovan\u00e9ho syst\u00e9mu managementu kvality, bezpe\u010dnosti a ochrany zdrav\u00ed p\u0159i pr\u00e1ci a ochrany \u017eivotn\u00edho prost\u0159ed\u00ed Veden\u00ed QSR24h se se sv\u00fdmi pracovn\u00edky v r\u00e1mci syst\u00e9mu integrovan\u00e9ho managementu zavazuje zabezpe\u010dit: F\u00c9ROVOST, BEZPE\u010cNOST&#8230;<\/p>\n","protected":false},"author":1,"featured_media":318,"parent":0,"menu_order":0,"comment_status":"closed","ping_status":"closed","template":"","meta":{"footnotes":""},"class_list":["post-564","page","type-page","status-publish","has-post-thumbnail","hentry"],"_links":{"self":[{"href":"https:\/\/qsr24h-group.com\/cs\/wp-json\/wp\/v2\/pages\/564","targetHints":{"allow":["GET"]}}],"collection":[{"href":"https:\/\/qsr24h-group.com\/cs\/wp-json\/wp\/v2\/pages"}],"about":[{"href":"https:\/\/qsr24h-group.com\/cs\/wp-json\/wp\/v2\/types\/page"}],"author":[{"embeddable":true,"href":"https:\/\/qsr24h-group.com\/cs\/wp-json\/wp\/v2\/users\/1"}],"replies":[{"embeddable":true,"href":"https:\/\/qsr24h-group.com\/cs\/wp-json\/wp\/v2\/comments?post=564"}],"version-history":[{"count":1,"href":"https:\/\/qsr24h-group.com\/cs\/wp-json\/wp\/v2\/pages\/564\/revisions"}],"predecessor-version":[{"id":572,"href":"https:\/\/qsr24h-group.com\/cs\/wp-json\/wp\/v2\/pages\/564\/revisions\/572"}],"wp:featuredmedia":[{"embeddable":true,"href":"https:\/\/qsr24h-group.com\/cs\/wp-json\/wp\/v2\/media\/318"}],"wp:attachment":[{"href":"https:\/\/qsr24h-group.com\/cs\/wp-json\/wp\/v2\/media?parent=564"}],"curies":[{"name":"wp","href":"https:\/\/api.w.org\/{rel}","templated":true}]}}