{"id":515,"date":"2023-09-14T11:38:10","date_gmt":"2023-09-14T09:38:10","guid":{"rendered":"https:\/\/qsr24h-group.com\/profil-firmy\/"},"modified":"2023-09-14T14:25:23","modified_gmt":"2023-09-14T12:25:23","slug":"profil-firmy","status":"publish","type":"page","link":"https:\/\/qsr24h-group.com\/cs\/profil-firmy\/","title":{"rendered":"Profil firmy"},"content":{"rendered":"\n<h1 class=\"wp-block-heading has-text-align-center\" id=\"qsr24hzelena-pre-kvalitu\"><strong>QSR24h<\/strong> Zelen\u00e1 pro kvalitu<\/h1>\n\n\n\n<div class=\"wp-block-columns is-layout-flex wp-container-core-columns-is-layout-9d6595d7 wp-block-columns-is-layout-flex\">\n<div class=\"wp-block-column is-layout-flow wp-block-column-is-layout-flow\">\n<h2 class=\"wp-block-heading\" id=\"uvod-a-historia\">\u00daVOD A HISTORIE<\/h2>\n\n\n\n<p>Ko\u0159eny QSR24h jsou v N\u011bmecku. Slu\u017eby pro dodavatele v automobilov\u00e9m pr\u016fmyslu poskytujeme v s\u00edti pobo\u010dek v \u010cesk\u00e9 Republice, v Ma\u010farsku, v Polsku a na Slovensku u\u017e od roku 2006.<\/p>\n\n\n\n<p>Jsme zku\u0161en\u00ed specialist\u00e9. F\u00e9rovost, bezpe\u010dnost a kvalita jsou z\u00e1klady na\u0161\u00ed spole\u010dnosti. Rychle a \u00fa\u010dinn\u011b odstra\u0148ujeme nedostatky kvality u V\u00e1s, i p\u0159\u00edmo u Va\u0161eho odb\u011bratele a navrhujeme \u0159e\u0161en\u00ed, jak jim p\u0159edch\u00e1zet. Osobn\u00ed kontakt s V\u00e1mi je pro n\u00e1s d\u016fle\u017eit\u00fd. <\/p>\n\n\n\n<p>Zab\u00fdv\u00e1me se komplexn\u00edm zabezpe\u010den\u00edm kvality, proces\u016f a in\u017een\u00fdrstv\u00ed na z\u00e1klad\u011b na\u0161\u00ed certifikace pode ISO 9001, ISO 14001 a ISO 45001.<\/p>\n\n\n\n<p>\u2022 <strong>2005 QSR24h Hungary, Kft v Gy\u0151ru \/ Ma\u010farsko<\/strong><\/p>\n\n\n\n<p>\u2022 <strong>2006 QSR24h Slovakia, s.r.o. v Bratislav\u011b \/ Slovensko<\/strong><\/p>\n\n\n\n<p>\u2022 <strong>2006 QSR24h Polen in Wa\u0142brzych \/ Polsko<\/strong><\/p>\n\n\n\n<p>\u2022 2007 Certifikace QSR24h podle DIN EN ISO 9001:2000<\/p>\n\n\n\n<p>\u2022 <strong>2010 QSR24h Czech s.r.o. v Mlad\u00e9 Boleslavi v \u010cR<\/strong><\/p>\n\n\n\n<p>\u2022 2012 Pobo\u010dka Kecskem\u00e9t<\/p>\n\n\n\n<p>\u2022 2016 Pobo\u010dka B\u0159eclav \/ \u010cR<\/p>\n\n\n\n<p>\u2022 2012 Warenfilter Audi Gy\u0151r \/ Ma\u010farsko<\/p>\n\n\n\n<p>\u2022 2016 Pobo\u010dka Pozna\u0144 \/ Polsko<\/p>\n\n\n\n<p class=\"has-text-align-left\">\u2022 2018 Certifikace QSR24h podle ISO 9001:2015, ISO 45001:2015, ISO14001:2018<\/p>\n\n\n\n<p>\u2022 2019 Pobo\u010dka \u017diar nad Hronom \/ Slovensko<\/p>\n\n\n\n<p>\u2022 2019 Pobo\u010dka Hyundai No\u0161ovice \/ \u010cesko<\/p>\n\n\n\n<p>\u2022 2020 Warenfilter Volkswagen Pozna\u0144 \/ Polsko<\/p>\n\n\n\n<p>\u2022 2021 Warenfilter \u0160koda Auto Mlad\u00e1 Boleslav a Kvasiny \/ \u010cesko <\/p>\n\n\n\n<p>\u2022 2022 Certifikace TISAX<\/p>\n<\/div>\n\n\n\n<div class=\"wp-block-column is-layout-flow wp-block-column-is-layout-flow\">\n<h2 class=\"wp-block-heading\" id=\"dovody-pre-spolupracu-s-qsr24h\">D\u016eVODY PRO SPOLUPR\u00c1CI S QSR24H<\/h2>\n\n\n\n<p><strong>24 HODIN A 365 DN\u00cd V ROCE<\/strong><\/p>\n\n\n\n<p>Na\u0161e jm\u00e9no je program. Jsme V\u00e1m k dispozici b\u011bhem cel\u00e9ho dne. Jsme v\u017edy p\u0159ipraveni \u0159e\u0161it technick\u00e9 probl\u00e9my pro Va\u0161e odleh\u010den\u00ed a k Va\u0161\u00ed pln\u00e9 spokojenosti.<\/p>\n\n\n\n<p><strong>VELK\u00c9 A FLEXIBILN\u00cd PRACOVN\u00cd S\u00cdLY<\/strong><\/p>\n\n\n\n<p>M\u00e1me k dispozici v\u00edc ne\u017e 500 zam\u011bstnanc\u016f v r\u00e1mci Evropy, kter\u00e9 jsme schopni pro V\u00e1s zajistit. Zak\u00e1zky jsou prov\u00e1d\u011bny profesion\u00e1ln\u011b a precizn\u011b.<\/p>\n\n\n\n<p><strong>\u0160KOLEN\u00dd PERSON\u00c1L<\/strong><\/p>\n\n\n\n<p>Na\u0161i pracovn\u00edci  jsou pravideln\u011b odborn\u011b \u0161koleni auditory. Jako standard se \u0161kol\u00ed na v\u0161eobecn\u00e1 pravidla na\u0161\u00ed spole\u010dnosti, bezpe\u010dnostn\u00ed pravidla ka\u017ed\u00e9ho z\u00e1vodu, 5S, z\u00e1klady VDA a mnoho jin\u00fdch.<\/p>\n\n\n\n<p><strong>DETAILY A PRECIZNOST<\/strong><\/p>\n\n\n\n<p>Db\u00e1me na detail, nic\nnenech\u00e1v\u00e1me na n\u00e1hodu.<\/p>\n\n\n\n<p><strong>CERTIFIKACE<\/strong><\/p>\n\n\n\n<p>Dlouh\u00e9 roky pracujeme na z\u00e1klad\u011b syst\u00e9mu \u0159\u00edzen\u00ed kvality DIN EN ISO 9001:2015.<\/p>\n\n\n\n<p><strong>V\u017dDY NA BL\u00cdZKU<\/strong><\/p>\n\n\n\n<p>Pro na\u0161e z\u00e1kazn\u00edky jsme schopni zajistit v kr\u00e1tk\u00e9m \u010dase nasazen\u00ed p\u0159\u00edmo na m\u00edst\u011b, proto\u017ee m\u00e1me lok\u00e1ln\u00ed bl\u00edzkost na\u0161ich zam\u011bstnanc\u016f k m\u00edstu nasazen\u00ed.<\/p>\n\n\n\n<p><strong>P\u0158EHLEDN\u00c1 A P\u0158ESN\u00c1 DOKUMENTACE<\/strong><\/p>\n\n\n\n<p>Spole\u010dn\u011b s na\u0161imi z\u00e1kazn\u00edky jsme vyvinuli dokumentaci, kter\u00e1 obsahuje v\u0161echny pot\u0159ebn\u00e9 \u00fadaje a d\u00edky tomu je  jasn\u00e1 a p\u0159ehledn\u00e1. T\u00edm p\u00e1dem m\u00e1te rychl\u00fd a jednoduch\u00fd p\u0159ehled o stavu projektu.<\/p>\n\n\n\n<p><strong>ELEKTRONICK\u00c9 ZPRACOV\u00c1N\u00cd DAT<\/strong><\/p>\n\n\n\n<p>Neust\u00e1le modernizujeme a pracujeme na zlep\u0161ov\u00e1n\u00ed a digitalizaci na\u0161ich proces\u016f. Intern\u011b vyvinut\u00fd syst\u00e9m zrychluje a zp\u0159es\u0148uje na\u0161i pr\u00e1ci a postupn\u00fdm p\u0159echodem na bezpap\u00edrovou formu \u0161et\u0159\u00edme \u017eivotn\u00ed prost\u0159ed\u00ed a p\u0159isp\u00edv\u00e1me k udr\u017eitelnosti \u017eivotn\u00edho prost\u0159ed\u00ed<\/p>\n<\/div>\n<\/div>\n\n\n\n<h1 class=\"wp-block-heading has-text-align-center\" id=\"certifikaty\">CERTIFIK\u00c1TY<\/h1>\n\n\n\n<div class=\"wp-block-columns is-layout-flex wp-container-core-columns-is-layout-9d6595d7 wp-block-columns-is-layout-flex\">\n<div class=\"wp-block-column is-layout-flow wp-block-column-is-layout-flow\">\n<figure class=\"wp-block-image size-large\"><img loading=\"lazy\" decoding=\"async\" width=\"724\" height=\"1024\" src=\"https:\/\/qsr24h-group.com\/wp-content\/uploads\/2023\/09\/ISO-9001-englisch-Unterzertifikat_CZ-724x1024.jpg\" alt=\"\" class=\"wp-image-62\"\/><\/figure>\n<\/div>\n\n\n\n<div class=\"wp-block-column is-layout-flow wp-block-column-is-layout-flow\">\n<figure class=\"wp-block-image size-large\"><img loading=\"lazy\" decoding=\"async\" width=\"724\" height=\"1024\" src=\"https:\/\/qsr24h-group.com\/wp-content\/uploads\/2023\/09\/ISO-9001-englisch-Unterzertifikat_HU-724x1024.jpg\" alt=\"\" class=\"wp-image-63\"\/><\/figure>\n<\/div>\n\n\n\n<div class=\"wp-block-column is-layout-flow wp-block-column-is-layout-flow\">\n<figure class=\"wp-block-image size-large\"><img loading=\"lazy\" decoding=\"async\" width=\"724\" height=\"1024\" src=\"https:\/\/qsr24h-group.com\/wp-content\/uploads\/2023\/09\/ISO-9001-englisch-Unterzertifikat_PL-724x1024.jpg\" alt=\"\" class=\"wp-image-60\"\/><\/figure>\n<\/div>\n<\/div>\n\n\n\n<div class=\"wp-block-columns is-layout-flex wp-container-core-columns-is-layout-9d6595d7 wp-block-columns-is-layout-flex\">\n<div class=\"wp-block-column is-layout-flow wp-block-column-is-layout-flow\">\n<figure class=\"wp-block-image size-large\"><img loading=\"lazy\" decoding=\"async\" width=\"724\" height=\"1024\" src=\"https:\/\/qsr24h-group.com\/wp-content\/uploads\/2023\/09\/0001-1-724x1024.jpg\" alt=\"\" class=\"wp-image-65\"\/><\/figure>\n<\/div>\n\n\n\n<div class=\"wp-block-column is-layout-flow wp-block-column-is-layout-flow\">\n<figure class=\"wp-block-image size-large\"><img loading=\"lazy\" decoding=\"async\" width=\"724\" height=\"1024\" src=\"https:\/\/qsr24h-group.com\/wp-content\/uploads\/2023\/09\/0002-724x1024.jpg\" alt=\"\" class=\"wp-image-69\"\/><\/figure>\n<\/div>\n\n\n\n<div class=\"wp-block-column is-layout-flow wp-block-column-is-layout-flow\">\n<figure class=\"wp-block-image size-large\"><img loading=\"lazy\" decoding=\"async\" width=\"724\" height=\"1024\" src=\"https:\/\/qsr24h-group.com\/wp-content\/uploads\/2023\/09\/ISO-14001-englisch-Unterzertifikat_CZ-724x1024.jpg\" alt=\"\" class=\"wp-image-61\"\/><\/figure>\n<\/div>\n<\/div>\n\n\n\n<div class=\"wp-block-columns is-layout-flex wp-container-core-columns-is-layout-9d6595d7 wp-block-columns-is-layout-flex\">\n<div class=\"wp-block-column is-layout-flow wp-block-column-is-layout-flow\">\n<figure class=\"wp-block-image size-large\"><img loading=\"lazy\" decoding=\"async\" width=\"724\" height=\"1024\" src=\"https:\/\/qsr24h-group.com\/wp-content\/uploads\/2023\/09\/0001-2-724x1024.jpg\" alt=\"\" class=\"wp-image-66\"\/><\/figure>\n<\/div>\n\n\n\n<div class=\"wp-block-column is-layout-flow wp-block-column-is-layout-flow\">\n<figure class=\"wp-block-image size-large\"><img loading=\"lazy\" decoding=\"async\" width=\"724\" height=\"1024\" src=\"https:\/\/qsr24h-group.com\/wp-content\/uploads\/2023\/09\/0002-1-724x1024.jpg\" alt=\"\" class=\"wp-image-70\"\/><\/figure>\n<\/div>\n\n\n\n<div class=\"wp-block-column is-layout-flow wp-block-column-is-layout-flow\">\n<figure class=\"wp-block-image size-large\"><img loading=\"lazy\" decoding=\"async\" width=\"724\" height=\"1024\" src=\"https:\/\/qsr24h-group.com\/wp-content\/uploads\/2023\/09\/0001-724x1024.jpg\" alt=\"\" class=\"wp-image-64\"\/><\/figure>\n<\/div>\n<\/div>\n","protected":false},"excerpt":{"rendered":"<p>QSR24h Zelen\u00e1 pro kvalitu \u00daVOD A HISTORIE Ko\u0159eny QSR24h jsou v N\u011bmecku. Slu\u017eby pro dodavatele v automobilov\u00e9m pr\u016fmyslu poskytujeme v s\u00edti pobo\u010dek v \u010cesk\u00e9 Republice, v Ma\u010farsku, v Polsku a&#8230;<\/p>\n","protected":false},"author":1,"featured_media":143,"parent":0,"menu_order":0,"comment_status":"closed","ping_status":"closed","template":"page-company.php","meta":{"footnotes":""},"class_list":["post-515","page","type-page","status-publish","has-post-thumbnail","hentry"],"_links":{"self":[{"href":"https:\/\/qsr24h-group.com\/cs\/wp-json\/wp\/v2\/pages\/515","targetHints":{"allow":["GET"]}}],"collection":[{"href":"https:\/\/qsr24h-group.com\/cs\/wp-json\/wp\/v2\/pages"}],"about":[{"href":"https:\/\/qsr24h-group.com\/cs\/wp-json\/wp\/v2\/types\/page"}],"author":[{"embeddable":true,"href":"https:\/\/qsr24h-group.com\/cs\/wp-json\/wp\/v2\/users\/1"}],"replies":[{"embeddable":true,"href":"https:\/\/qsr24h-group.com\/cs\/wp-json\/wp\/v2\/comments?post=515"}],"version-history":[{"count":2,"href":"https:\/\/qsr24h-group.com\/cs\/wp-json\/wp\/v2\/pages\/515\/revisions"}],"predecessor-version":[{"id":517,"href":"https:\/\/qsr24h-group.com\/cs\/wp-json\/wp\/v2\/pages\/515\/revisions\/517"}],"wp:featuredmedia":[{"embeddable":true,"href":"https:\/\/qsr24h-group.com\/cs\/wp-json\/wp\/v2\/media\/143"}],"wp:attachment":[{"href":"https:\/\/qsr24h-group.com\/cs\/wp-json\/wp\/v2\/media?parent=515"}],"curies":[{"name":"wp","href":"https:\/\/api.w.org\/{rel}","templated":true}]}}